{"id":1305,"date":"2018-01-25T02:52:49","date_gmt":"2018-01-25T02:52:49","guid":{"rendered":"https:\/\/www.vikingcold.com\/vikingcold\/website\/?page_id=1305"},"modified":"2019-10-04T19:54:12","modified_gmt":"2019-10-04T19:54:12","slug":"home-2-2-2","status":"publish","type":"page","link":"https:\/\/www.vikingcold.com\/es\/","title":{"rendered":"Hogar"},"content":{"rendered":"<section\ndata-block-id=\"1\"\ndata-block-type=\"columns\"\nclass=\"section section-type-columns columns\n      \"\n\n\n>\n  <div class=\"container\">\n\n    \n      \n      <div class=\"grid grid--no-padding grid--center  \">\n\n        \n          <div\ndata-block-id=\"2\"\ndata-block-type=\"column\"\nclass=\"grid__cell  \"\n\n\n>\n\n  \n    \n      <div\ndata-block-id=\"3\"\ndata-block-type=\"text\"\nclass=\"block block-text -type-html block-text--subtitle \"\n\n>\n\n  \n  <div class=\"block__content h-text-left\">\n\n    \n      \n      Viking Cold Solutions\u2122 Es Una Compa\u00f1\u00eda De Gesti\u00f3n De Energ\u00eda T\u00e9rmica Centrada En Hacer Que Los Sistemas De Almacenamiento T\u00e9rmico Mundiales Sean M\u00e1s Eficientes.\n    \n  <\/div>\n\n<\/div>\n\n    \n      <div\ndata-block-id=\"5\"\ndata-block-type=\"text\"\nclass=\"block block-text -type-html  \"\n\n>\n\n  \n  <div class=\"block__content h-text-left\">\n\n    \n      \n      <p>Los sistemas de almacenamiento de energ\u00eda t\u00e9rmica Viking Cold han ahorrado a sus clientes m\u00e1s de 8,056 \u00a0MWh de energ\u00eda, a reducir la huella de carbono en m\u00e1s de 3.900 toneladas m\u00e9tricas y ha evitado m\u00e1s de $13 millones de d\u00f3lares en p\u00e9rdidas de productos. Su equipo posee una gran experiencia en la gesti\u00f3n de energ\u00eda en almacenamientos fr\u00edos, gesti\u00f3n de energ\u00eda de supermercados y sistemas de almacenamiento de energ\u00eda t\u00e9rmica.<\/p>\n\n    \n  <\/div>\n\n<\/div>\n\n    \n  \n<\/div>\n\n        \n      <\/div>\n\n    \n  <\/div>\n<\/section>\n<section\ndata-block-id=\"31\"\ndata-block-type=\"columns\"\nclass=\"section section-type-columns columns\n      \"\n\n\n>\n  <div class=\"container\">\n\n    \n      \n      <div class=\"grid grid--no-padding grid--center  \">\n\n        \n          <div\ndata-block-id=\"30\"\ndata-block-type=\"column\"\nclass=\"grid__cell  \"\n\n\n>\n\n  \n    \n      <div\ndata-block-id=\"27\"\ndata-block-type=\"text\"\nclass=\"block block-text -type-html block-text--subtitle \"\n\n>\n\n  \n  <div class=\"block__content h-text-left\">\n\n    \n      \n      Ahorro De Energ\u00eda De Nuestros Clientes:\n    \n  <\/div>\n\n<\/div>\n\n    \n      <div\ndata-block-id=\"32\"\ndata-block-type=\"text\"\nclass=\"block block-text -type-html  \"\n\n>\n\n  \n  <div class=\"block__content h-text-left\">\n\n    \n      \n      \n<div class=\"savings-counter\">\n  <div class=\"savings-counter__saved js-savings-counter\" settings=\"May 26, 2023 15:45:00 | 4 | 0.9547850926 | 38772963\">&nbsp;<\/div>\n  <div class=\"savings-counter__unit\">\n    <span>kWh<\/span>\n  <\/div>\n<\/div>\n\n\n    \n  <\/div>\n\n<\/div>\n\n    \n      <div\ndata-block-id=\"43\"\ndata-block-type=\"text\"\nclass=\"block block-text -type-html block-text--subtitle \"\n\n>\n\n  \n  <div class=\"block__content h-text-left\">\n\n    \n      \n      Observe C\u00f3mo El Almacenamiento De Energ\u00eda T\u00e9rmica Permite A Los Equipos De Refrigeraci\u00f3n Existentes Funcionar M\u00e1s Eficazmente\n    \n  <\/div>\n\n<\/div>\n\n    \n      <div\ndata-block-id=\"49\"\ndata-block-type=\"spacer\"\nstyle=\"height: 18px;;\"\nclass=\"\"\n><\/div>\n\n    \n  \n<\/div>\n\n        \n          <div\ndata-block-id=\"45\"\ndata-block-type=\"column\"\nclass=\"grid__cell  \"\n\n\n>\n\n  \n    \n      <div\ndata-block-id=\"50\"\ndata-block-type=\"text\"\nclass=\"block block-text -type-html block-text--subtitle \"\n\n>\n\n  \n  <div class=\"block__content h-text-center\">\n\n    \n      \n      \u00a1Disfrute del v\u00eddeo ahora!\n    \n  <\/div>\n\n<\/div>\n\n    \n      <div\ndata-block-id=\"67\"\ndata-block-type=\"spacer\"\nstyle=\"height: 10px;;\"\nclass=\"\"\n><\/div>\n\n    \n      <div\ndata-block-id=\"51\"\ndata-block-type=\"video\"\nclass=\"block\"\n\n>\n  <div class=\"block__content\">\n\n    \n              <div\n        class=\"video-embed js-video-embed\"\n        data-provider=\"vimeo\"\n                  data-poster=\"https:\/\/www.vikingcold.com\/wp-content\/uploads\/2018\/01\/Viking-Cold-Efficiency-Video-1.jpg\"\n                >\n            <span class=\"video-player-expand-close video-embed__close\">X<\/span>\n          <iframe\n          src=\"https:\/\/player.vimeo.com\/video\/265252000?background=1&amp;autoplay=0&amp;mute=0&amp;loop=0\" frameborder=\"0\" allow=\"autoplay\" allowfullscreen\n          class=\"js-video-embed-iframe\"\n          ><\/iframe>\n        <\/div>\n      \n    \n  <\/div>\n<\/div>\n\n    \n      <div\ndata-block-id=\"68\"\ndata-block-type=\"spacer\"\nstyle=\"height: 10px;;\"\nclass=\"\"\n><\/div>\n\n    \n      <div\ndata-block-id=\"52\"\ndata-block-type=\"text\"\nclass=\"block block-text -type-html block-text--subtitle \"\n\n>\n\n  \n  <div class=\"block__content h-text-center\">\n\n    \n      \n      Resultados de Clientes - Dreisbach Enterprises\n    \n  <\/div>\n\n<\/div>\n\n    \n      <div\ndata-block-id=\"69\"\ndata-block-type=\"spacer\"\nstyle=\"height: 10px;;\"\nclass=\"\"\n><\/div>\n\n    \n      <div\ndata-block-id=\"53\"\ndata-block-type=\"video\"\nclass=\"block\"\n\n>\n  <div class=\"block__content\">\n\n    \n              <div\n        class=\"video-embed js-video-embed\"\n        data-provider=\"vimeo\"\n                  data-poster=\"https:\/\/www.vikingcold.com\/wp-content\/uploads\/2018\/08\/dreisbach-thumbnail.jpg\"\n                >\n            <span class=\"video-player-expand-close video-embed__close\">X<\/span>\n          <iframe\n          src=\"https:\/\/player.vimeo.com\/video\/291490704?background=1&amp;autoplay=0&amp;mute=0&amp;loop=0\" frameborder=\"0\" allow=\"autoplay\" allowfullscreen\n          class=\"js-video-embed-iframe\"\n          ><\/iframe>\n        <\/div>\n      \n    \n  <\/div>\n<\/div>\n\n    \n      <div\ndata-block-id=\"71\"\ndata-block-type=\"spacer\"\nstyle=\"height: 10px;;\"\nclass=\"\"\n><\/div>\n\n    \n      <div\ndata-block-id=\"54\"\ndata-block-type=\"text\"\nclass=\"block block-text -type-html block-text--subtitle \"\n\n>\n\n  \n  <div class=\"block__content h-text-center\">\n\n    \n      \n      Componentes y Ensamblaje del Sistema TES\n    \n  <\/div>\n\n<\/div>\n\n    \n      <div\ndata-block-id=\"70\"\ndata-block-type=\"spacer\"\nstyle=\"height: 10px;;\"\nclass=\"\"\n><\/div>\n\n    \n      <div\ndata-block-id=\"55\"\ndata-block-type=\"video\"\nclass=\"block\"\n\n>\n  <div class=\"block__content\">\n\n    \n              <div\n        class=\"video-embed js-video-embed\"\n        data-provider=\"vimeo\"\n                  data-poster=\"https:\/\/www.vikingcold.com\/wp-content\/uploads\/2019\/01\/Spanish-TES-system-components-thumbnail.png\"\n                >\n            <span class=\"video-player-expand-close video-embed__close\">X<\/span>\n          <iframe\n          src=\"https:\/\/player.vimeo.com\/video\/314126577?background=1&amp;autoplay=0&amp;mute=0&amp;loop=0\" frameborder=\"0\" allow=\"autoplay\" allowfullscreen\n          class=\"js-video-embed-iframe\"\n          ><\/iframe>\n        <\/div>\n      \n    \n  <\/div>\n<\/div>\n\n    \n      <div\ndata-block-id=\"72\"\ndata-block-type=\"spacer\"\nstyle=\"height: 10px;;\"\nclass=\"\"\n><\/div>\n\n    \n      <div\ndata-block-id=\"56\"\ndata-block-type=\"text\"\nclass=\"block block-text -type-html block-text--subtitle \"\n\n>\n\n  \n  <div class=\"block__content h-text-center\">\n\n    \n      \n      Resultados de Clientes - Frozen Gourmet\n    \n  <\/div>\n\n<\/div>\n\n    \n      <div\ndata-block-id=\"73\"\ndata-block-type=\"spacer\"\nstyle=\"height: 10px;;\"\nclass=\"\"\n><\/div>\n\n    \n      <div\ndata-block-id=\"57\"\ndata-block-type=\"video\"\nclass=\"block\"\n\n>\n  <div class=\"block__content\">\n\n    \n              <div\n        class=\"video-embed js-video-embed\"\n        data-provider=\"vimeo\"\n                  data-poster=\"https:\/\/www.vikingcold.com\/wp-content\/uploads\/2018\/08\/utility-grid-frozen-gourmet-thumbnail.png\"\n                >\n            <span class=\"video-player-expand-close video-embed__close\">X<\/span>\n          <iframe\n          src=\"https:\/\/player.vimeo.com\/video\/281307734?background=1&amp;autoplay=0&amp;mute=0&amp;loop=0\" frameborder=\"0\" allow=\"autoplay\" allowfullscreen\n          class=\"js-video-embed-iframe\"\n          ><\/iframe>\n        <\/div>\n      \n    \n  <\/div>\n<\/div>\n\n    \n      <div\ndata-block-id=\"74\"\ndata-block-type=\"spacer\"\nstyle=\"height: 10px;;\"\nclass=\"\"\n><\/div>\n\n    \n      <div\ndata-block-id=\"58\"\ndata-block-type=\"text\"\nclass=\"block block-text -type-html block-text--subtitle \"\n\n>\n\n  \n  <div class=\"block__content h-text-center\">\n\n    \n      \n      Ahorre dinero y costos de energ\u00eda con almacenamiento de energ\u00eda t\u00e9rmica (Thermal Energy Storage)\n    \n  <\/div>\n\n<\/div>\n\n    \n      <div\ndata-block-id=\"75\"\ndata-block-type=\"spacer\"\nstyle=\"height: 10px;;\"\nclass=\"\"\n><\/div>\n\n    \n      <div\ndata-block-id=\"59\"\ndata-block-type=\"video\"\nclass=\"block\"\n\n>\n  <div class=\"block__content\">\n\n    \n              <div\n        class=\"video-embed js-video-embed\"\n        data-provider=\"vimeo\"\n                  data-poster=\"https:\/\/www.vikingcold.com\/wp-content\/uploads\/2019\/01\/Refrigeration-Energy-Savings-thumbnail-2.png\"\n                >\n            <span class=\"video-player-expand-close video-embed__close\">X<\/span>\n          <iframe\n          src=\"https:\/\/player.vimeo.com\/video\/281286498?background=1&amp;autoplay=0&amp;mute=0&amp;loop=0\" frameborder=\"0\" allow=\"autoplay\" allowfullscreen\n          class=\"js-video-embed-iframe\"\n          ><\/iframe>\n        <\/div>\n      \n    \n  <\/div>\n<\/div>\n\n    \n      <div\ndata-block-id=\"76\"\ndata-block-type=\"spacer\"\nstyle=\"height: 10px;;\"\nclass=\"\"\n><\/div>\n\n    \n      <div\ndata-block-id=\"60\"\ndata-block-type=\"text\"\nclass=\"block block-text -type-html block-text--subtitle \"\n\n>\n\n  \n  <div class=\"block__content h-text-center\">\n\n    \n      \n      Resultados de Clientes - San Diego Food Bank\n    \n  <\/div>\n\n<\/div>\n\n    \n      <div\ndata-block-id=\"77\"\ndata-block-type=\"spacer\"\nstyle=\"height: 10px;;\"\nclass=\"\"\n><\/div>\n\n    \n      <div\ndata-block-id=\"61\"\ndata-block-type=\"video\"\nclass=\"block\"\n\n>\n  <div class=\"block__content\">\n\n    \n              <div\n        class=\"video-embed js-video-embed\"\n        data-provider=\"vimeo\"\n                  data-poster=\"https:\/\/www.vikingcold.com\/wp-content\/uploads\/2019\/01\/SDFB-thumbnail.png\"\n                >\n            <span class=\"video-player-expand-close video-embed__close\">X<\/span>\n          <iframe\n          src=\"https:\/\/player.vimeo.com\/video\/281284233?background=1&amp;autoplay=0&amp;mute=0&amp;loop=0\" frameborder=\"0\" allow=\"autoplay\" allowfullscreen\n          class=\"js-video-embed-iframe\"\n          ><\/iframe>\n        <\/div>\n      \n    \n  <\/div>\n<\/div>\n\n    \n      <div\ndata-block-id=\"78\"\ndata-block-type=\"spacer\"\nstyle=\"height: 10px;;\"\nclass=\"\"\n><\/div>\n\n    \n      <div\ndata-block-id=\"62\"\ndata-block-type=\"text\"\nclass=\"block block-text -type-html block-text--subtitle \"\n\n>\n\n  \n  <div class=\"block__content h-text-center\">\n\n    \n      \n      Instalacion del Sistema TES Subtitulos en Espa\u00f1ol\n    \n  <\/div>\n\n<\/div>\n\n    \n      <div\ndata-block-id=\"79\"\ndata-block-type=\"spacer\"\nstyle=\"height: 10px;;\"\nclass=\"\"\n><\/div>\n\n    \n      <div\ndata-block-id=\"63\"\ndata-block-type=\"video\"\nclass=\"block\"\n\n>\n  <div class=\"block__content\">\n\n    \n              <div\n        class=\"video-embed js-video-embed\"\n        data-provider=\"vimeo\"\n                  data-poster=\"https:\/\/www.vikingcold.com\/wp-content\/uploads\/2019\/01\/Spanish-TES-system-installation-thumbnail-1.png\"\n                >\n            <span class=\"video-player-expand-close video-embed__close\">X<\/span>\n          <iframe\n          src=\"https:\/\/player.vimeo.com\/video\/314123647?background=1&amp;autoplay=0&amp;mute=0&amp;loop=0\" frameborder=\"0\" allow=\"autoplay\" allowfullscreen\n          class=\"js-video-embed-iframe\"\n          ><\/iframe>\n        <\/div>\n      \n    \n  <\/div>\n<\/div>\n\n    \n      <div\ndata-block-id=\"80\"\ndata-block-type=\"spacer\"\nstyle=\"height: 10px;;\"\nclass=\"\"\n><\/div>\n\n    \n  \n<\/div>\n\n        \n      <\/div>\n\n    \n  <\/div>\n<\/section>\n","protected":false},"excerpt":{"rendered":"<p>Viking Cold Solutions\u2122 Es Una Compa\u00f1\u00eda De Gesti\u00f3n De Energ\u00eda T\u00e9rmica Centrada En Hacer Que Los Sistemas De Almacenamiento T\u00e9rmico Mundiales Sean M\u00e1s Eficientes. Los sistemas de almacenamiento de energ\u00eda t\u00e9rmica Viking Cold han ahorrado a sus clientes m\u00e1s de 8,056 \u00a0MWh de energ\u00eda, a reducir la huella de carbono en m\u00e1s de 3.900 toneladas m\u00e9tricas y ha evitado m\u00e1s de $13 millones de d\u00f3lares en p\u00e9rdidas de productos. Su equipo posee una gran experiencia en la gesti\u00f3n de energ\u00eda &#8230;<\/p>\n","protected":false},"author":13,"featured_media":0,"parent":0,"menu_order":0,"comment_status":"closed","ping_status":"closed","template":"page-builder.php","meta":{"footnotes":""},"class_list":["post-1305","page","type-page","status-publish","hentry"],"aioseo_notices":[],"_links":{"self":[{"href":"https:\/\/www.vikingcold.com\/es\/wp-json\/wp\/v2\/pages\/1305","targetHints":{"allow":["GET"]}}],"collection":[{"href":"https:\/\/www.vikingcold.com\/es\/wp-json\/wp\/v2\/pages"}],"about":[{"href":"https:\/\/www.vikingcold.com\/es\/wp-json\/wp\/v2\/types\/page"}],"author":[{"embeddable":true,"href":"https:\/\/www.vikingcold.com\/es\/wp-json\/wp\/v2\/users\/13"}],"replies":[{"embeddable":true,"href":"https:\/\/www.vikingcold.com\/es\/wp-json\/wp\/v2\/comments?post=1305"}],"version-history":[{"count":49,"href":"https:\/\/www.vikingcold.com\/es\/wp-json\/wp\/v2\/pages\/1305\/revisions"}],"predecessor-version":[{"id":6616,"href":"https:\/\/www.vikingcold.com\/es\/wp-json\/wp\/v2\/pages\/1305\/revisions\/6616"}],"wp:attachment":[{"href":"https:\/\/www.vikingcold.com\/es\/wp-json\/wp\/v2\/media?parent=1305"}],"curies":[{"name":"wp","href":"https:\/\/api.w.org\/{rel}","templated":true}]}}