{"id":2754,"date":"2018-01-25T01:15:52","date_gmt":"2018-01-25T01:15:52","guid":{"rendered":"https:\/\/www.vikingcold.com\/?page_id=2754"},"modified":"2023-07-07T03:41:08","modified_gmt":"2023-07-07T08:41:08","slug":"supermarket","status":"publish","type":"page","link":"https:\/\/www.vikingcold.com\/es\/supermarket\/","title":{"rendered":"Supermarket"},"content":{"rendered":"<section\ndata-block-id=\"84\"\ndata-block-type=\"columns\"\nclass=\"section section-type-columns columns\n      \"\n\n\n>\n  <div class=\"container\">\n\n    \n      \n      <div class=\"grid grid--no-padding grid--center  \">\n\n        \n          <div\ndata-block-id=\"85\"\ndata-block-type=\"column\"\nclass=\"grid__cell  \"\n\n\n>\n\n  \n    \n      <div\ndata-block-id=\"86\"\ndata-block-type=\"text\"\nclass=\"block block-text -type-html block-text--title \"\n\n>\n\n  \n  <div class=\"block__content h-text-left\">\n\n    \n      \n      <h2> Soluciones Energ\u00e9ticas del Congelador sin Cita Previa en el Supermercado <\/h2>\n    \n  <\/div>\n\n<\/div>\n\n    \n  \n<\/div>\n\n        \n          <div\ndata-block-id=\"87\"\ndata-block-type=\"column\"\nclass=\"grid__cell grid__cell--50--small -column-width-50--small\"\n\n\n>\n\n  \n    \n      <div\ndata-block-id=\"88\"\ndata-block-type=\"text\"\nclass=\"block block-text -type-html  block-text--padding-right\"\n\n>\n\n  \n  <div class=\"block__content h-text-justify\">\n\n    \n      \n      <p>Los m\u00e1rgenes de ganancia en el espacio de la tienda de comestibles son muy peque\u00f1os, y los investigadores de energystar.gov estiman que $ 1 en ahorro de energ\u00eda es equivalente a aumentar las ventas en $ 59. Las demandas de energ\u00eda en los supermercados de EE. UU. Son enormes, con la refrigeraci\u00f3n y la iluminaci\u00f3n representando m\u00e1s del 50% del uso total de energ\u00eda. Cada a\u00f1o, el supermercado estadounidense promedio consume aproximadamente 50 kilovatios-hora (kWh) de electricidad y 50 pies c\u00fabicos de gas natural por pie cuadrado. Esto se traduce en costos de energ\u00eda anuales promedio de $ 200,000 y la emisi\u00f3n de 1,900 toneladas de CO2 a la atm\u00f3sfera, el equivalente a 360 veh\u00edculos. Incluso las peque\u00f1as tiendas de abarrotes tienen importantes requerimientos de energ\u00eda, ya que los congeladores con c\u00e1mara\u00a0<\/p>\n\n    \n  <\/div>\n\n<\/div>\n\n    \n  \n<\/div>\n\n        \n          <div\ndata-block-id=\"90\"\ndata-block-type=\"column\"\nclass=\"grid__cell grid__cell--50--small -column-width-50--small\"\n\n\n>\n\n  \n    \n      <div\ndata-block-id=\"91\"\ndata-block-type=\"image\"\nclass=\"block\"\n>\n  <div class=\"block__content\">\n\n    \n      <div\n      class=\"image-container\"\n      >\n\n        \n        \n          <img loading=\"lazy\" decoding=\"async\" width=\"1164\" height=\"846\" src=\"https:\/\/www.vikingcold.com\/wp-content\/uploads\/2019\/09\/walk-in-freezer-efficiency-thermal-energy-storage-Viking-Cold.png\" class=\"attachment-full size-full\" alt=\"\" srcset=\"https:\/\/www.vikingcold.com\/wp-content\/uploads\/2019\/09\/walk-in-freezer-efficiency-thermal-energy-storage-Viking-Cold.png 1164w, https:\/\/www.vikingcold.com\/wp-content\/uploads\/2019\/09\/walk-in-freezer-efficiency-thermal-energy-storage-Viking-Cold-300x218.png 300w, https:\/\/www.vikingcold.com\/wp-content\/uploads\/2019\/09\/walk-in-freezer-efficiency-thermal-energy-storage-Viking-Cold-1024x744.png 1024w\" sizes=\"auto, (max-width: 1164px) 100vw, 1164px\" \/>\n        \n      <\/div>\n\n      \n    \n  <\/div>\n<\/div>\n\n    \n  \n<\/div>\n\n        \n          <div\ndata-block-id=\"93\"\ndata-block-type=\"column\"\nclass=\"grid__cell  \"\n\n\n>\n\n  \n    \n      <div\ndata-block-id=\"92\"\ndata-block-type=\"text\"\nclass=\"block block-text -type-html  block-text--padding-right\"\n\n>\n\n  \n  <div class=\"block__content h-text-justify\">\n\n    \n      \n      <p>de acceso experimentan una fuerte infiltraci\u00f3n de calor durante las horas de funcionamiento, lo que requiere el consumo de m\u00e1s energ\u00eda para mantener los alimentos a la temperatura deseada.<\/p>\n<p>Los sistemas de almacenamiento de energ\u00eda t\u00e9rmica dentro de los congeladores (y <a href=\"https:\/\/www.vikingcold.com\/es\/cold-storage\/\" target=\"_blank\" rel=\"noopener\">centros de distribuci\u00f3n<\/a>) mejoran la estabilidad de la temperatura y reducen el gasto de energ\u00eda y las huellas de carbono de las tiendas de comestibles.<\/p>\n\n    \n  <\/div>\n\n<\/div>\n\n    \n  \n<\/div>\n\n        \n      <\/div>\n\n    \n  <\/div>\n<\/section>\n<section\ndata-block-id=\"94\"\ndata-block-type=\"columns\"\nclass=\"section section-type-columns columns\n    columns--blue  \"\n\n\n>\n  <div class=\"container\">\n\n    \n      \n      <div class=\"grid grid--no-padding grid--center grid--middle \">\n\n        \n          <div\ndata-block-id=\"95\"\ndata-block-type=\"column\"\nclass=\"grid__cell grid__cell--75--small -column-width-75--small\"\n\n\n>\n\n  \n    \n      <div\ndata-block-id=\"96\"\ndata-block-type=\"text\"\nclass=\"block block-text -type-html  \"\n\n>\n\n  \n  <div class=\"block__content h-text-left\">\n\n    \n      \n      <p>Descubra c\u00f3mo el almacenamiento de energ\u00eda t\u00e9rmica redujo la carga en un 70% y mejor\u00f3 la estabilidad de la temperatura en un 38% dentro del congelador de una cadena internacional de supermercados.<\/p>\n\n    \n  <\/div>\n\n<\/div>\n\n    \n  \n<\/div>\n\n        \n          <div\ndata-block-id=\"97\"\ndata-block-type=\"column\"\nclass=\"grid__cell grid__cell--25--small -column-width-25--small\"\n\n\n>\n\n  \n    \n      <div\ndata-block-id=\"98\"\ndata-block-type=\"button\"\nclass=\"block\"\n>\n    <div class=\"block__content h-text-left\">\n\n    \n      <a\n      href=\"https:\/\/www.vikingcold.com\/contact-case-study-international-grocery-chain\/\"\n      class=\"button -bg-white\"\n              target=\"_self\"\n            >\n         Descargar el caso de estudio en ingl\u00e9s      <\/a>\n\n    \n  <\/div>\n<\/div>\n\n    \n  \n<\/div>\n\n        \n      <\/div>\n\n    \n  <\/div>\n<\/section>\n<section\ndata-block-id=\"99\"\ndata-block-type=\"columns\"\nclass=\"section section-type-columns columns\n      \"\n\n\n>\n  <div class=\"container\">\n\n    \n      \n      <div class=\"grid grid--no-padding grid--center  \">\n\n        \n          <div\ndata-block-id=\"100\"\ndata-block-type=\"column\"\nclass=\"grid__cell  \"\n\n\n>\n\n  \n    \n      <div\n    data-block-id=\"101\"\n    data-block-type=\"info-accordion\"\n    class=\"block info-accordion\"\n>\n    <div class=\"block__content\">\n        <div class=\"info-accordion__title\">\n            Beneficios de Almacenamiento en Fr\u00edo de TES        <\/div>\n\n        <div class=\"info-accordion__blocks\">\n                            <div class=\"info-block\">\n                    <div class=\"info-block__top\">\n                        <div class=\"info-block__left\">\n                            <div class=\"info-block__title\">\n                                 Reduce los costos de energ\u00eda hasta un 50%                            <\/div>\n                            <ul class=\"info-block__points\">\n                                                                    <li>Mejora la eficiencia un promedio del 26%<\/li>\n                                                                    <li>Carga de turno de hasta 13 horas para evitar cargos por demanda y tiempo de uso<\/li>\n                                                                    <li>Precios m\u00e1s bajos a trav\u00e9s de la reducci\u00f3n de la demanda.<\/li>\n                                                                    <li>Aumenta el retorno de las inversiones en energ\u00eda renovable combin\u00e1ndolas con un almacenamiento eficiente de larga duraci\u00f3n<\/li>\n                                                            <\/ul>\n                                                    <\/div>\n                        <div class=\"info-block__right\">\n                            <img decoding=\"async\" src=\"https:\/\/www.vikingcold.com\/wp-content\/uploads\/2019\/07\/Peak-Period-Reduction-English.jpg\" alt=\"\">\n                        <\/div>\n                    <\/div>\n                    <div class=\"info-block__bottom\">\n                        <div class=\"info-block__content-wrap\">\n                            <div class=\"info-block__content\">\n                                                            <\/div>\n                        <\/div>\n                    <\/div>\n                <\/div>\n\n                            <div class=\"info-block\">\n                    <div class=\"info-block__top\">\n                        <div class=\"info-block__left\">\n                            <div class=\"info-block__title\">\n                                 Mejora la eficiencia de la refrigeraci\u00f3n por encima del 25%                            <\/div>\n                            <ul class=\"info-block__points\">\n                                                                    <li>Cambia m\u00e1s tiempo de carrera a la noche<\/li>\n                                                                    <li>Haga funcionar los compresores con la m\u00e1xima eficiencia dise\u00f1ada<\/li>\n                                                                    <li>Absorba y consolide hasta el 85% del calor en el flujo de aire de refrigeraci\u00f3n.<\/li>\n                                                                    <li>Sin partes m\u00f3viles que requieran energ\u00eda adicional.<\/li>\n                                                            <\/ul>\n                                                    <\/div>\n                        <div class=\"info-block__right\">\n                            <img decoding=\"async\" src=\"https:\/\/www.vikingcold.com\/wp-content\/uploads\/2019\/07\/efficiency-for-refrigeration-warehouse-distribution-center-1.png\" alt=\"\">\n                        <\/div>\n                    <\/div>\n                    <div class=\"info-block__bottom\">\n                        <div class=\"info-block__content-wrap\">\n                            <div class=\"info-block__content\">\n                                                            <\/div>\n                        <\/div>\n                    <\/div>\n                <\/div>\n\n                            <div class=\"info-block\">\n                    <div class=\"info-block__top\">\n                        <div class=\"info-block__left\">\n                            <div class=\"info-block__title\">\n                                 Mejora la resistencia a la temperatura y la estabilidad                            <\/div>\n                            <ul class=\"info-block__points\">\n                                                                    <li>Resistencia a la temperatura 3 veces m\u00e1s larga durante la p\u00e9rdida de energ\u00eda o falla del equipo<\/li>\n                                                                    <li>Absorbe y consolida del 50 al 85% de la infiltraci\u00f3n de calor.<\/li>\n                                                                    <li>Reduce la estratificaci\u00f3n de temperatura<\/li>\n                                                                    <li>Reduce las fluctuaciones de temperatura a la mitad<\/li>\n                                                                    <li>Servicio de monitoreo y notificaci\u00f3n remota 24\/7<\/li>\n                                                            <\/ul>\n                                                    <\/div>\n                        <div class=\"info-block__right\">\n                            <img decoding=\"async\" src=\"https:\/\/www.vikingcold.com\/wp-content\/uploads\/2019\/07\/Resiliency-for-cold-storage-and-frozen-food.png\" alt=\"\">\n                        <\/div>\n                    <\/div>\n                    <div class=\"info-block__bottom\">\n                        <div class=\"info-block__content-wrap\">\n                            <div class=\"info-block__content\">\n                                                            <\/div>\n                        <\/div>\n                    <\/div>\n                <\/div>\n\n                            <div class=\"info-block\">\n                    <div class=\"info-block__top\">\n                        <div class=\"info-block__left\">\n                            <div class=\"info-block__title\">\n                                 Extender la vida del equipo de refrigeraci\u00f3n                            <\/div>\n                            <ul class=\"info-block__points\">\n                                                                    <li>Reduzca el tiempo de funcionamiento mec\u00e1nico de refrigeraci\u00f3n.<\/li>\n                                                                    <li>Monitoreo y notificaci\u00f3n 24\/7 del estado del equipo<\/li>\n                                                                    <li>Agregue visibilidad a nivel de componente con datos procesables<\/li>\n                                                                    <li>Reduce los costos de mantenimiento existentes<\/li>\n                                                                    <li>Descubra problemas de equipo antes de que se conviertan en problemas costosos<\/li>\n                                                                    <li>No se requiere mantenimiento adicional para TES<\/li>\n                                                            <\/ul>\n                                                    <\/div>\n                        <div class=\"info-block__right\">\n                            <img decoding=\"async\" src=\"https:\/\/www.vikingcold.com\/wp-content\/uploads\/2019\/07\/refrigeration-equipment-life-extended-by-TES.png\" alt=\"\">\n                        <\/div>\n                    <\/div>\n                    <div class=\"info-block__bottom\">\n                        <div class=\"info-block__content-wrap\">\n                            <div class=\"info-block__content\">\n                                                            <\/div>\n                        <\/div>\n                    <\/div>\n                <\/div>\n\n                            <div class=\"info-block\">\n                    <div class=\"info-block__top\">\n                        <div class=\"info-block__left\">\n                            <div class=\"info-block__title\">\n                                Preserve la calidad de los alimentos y la vida \u00fatil                            <\/div>\n                            <ul class=\"info-block__points\">\n                                                                    <li>Temperaturas m\u00e1s estables<\/li>\n                                                                    <li>Minimice la microdescongelaci\u00f3n y las grandes formaciones de cristales en los alimentos.<\/li>\n                                                                    <li>Informes y documentaci\u00f3n para la verificaci\u00f3n de la cadena de fr\u00edo<\/li>\n                                                                    <li>Resistencia de respaldo t\u00e9rmico 3 veces m\u00e1s larga<\/li>\n                                                                    <li>Reduce la estratificaci\u00f3n de temperatura<\/li>\n                                                            <\/ul>\n                                                    <\/div>\n                        <div class=\"info-block__right\">\n                            <img decoding=\"async\" src=\"https:\/\/www.vikingcold.com\/wp-content\/uploads\/2019\/07\/Preserve-frozen-food-quality-and-shelf-life-with-TES.png\" alt=\"\">\n                        <\/div>\n                    <\/div>\n                    <div class=\"info-block__bottom\">\n                        <div class=\"info-block__content-wrap\">\n                            <div class=\"info-block__content\">\n                                                            <\/div>\n                        <\/div>\n                    <\/div>\n                <\/div>\n\n                            <div class=\"info-block\">\n                    <div class=\"info-block__top\">\n                        <div class=\"info-block__left\">\n                            <div class=\"info-block__title\">\n                                Mejorar la rentabilidad                            <\/div>\n                            <ul class=\"info-block__points\">\n                                                                    <li>TES-as-a-Service suscripci\u00f3n mensual fija<\/li>\n                                                                    <li> Sin costo de capital inicial<\/li>\n                                                                    <li>Ahorro energ\u00e9tico garantizado<\/li>\n                                                                    <li>Flujo de caja positivo desde el primer d\u00eda<\/li>\n                                                                    <li>Monitoreo y mantenimiento incluidos<\/li>\n                                                                    <li>Acuerdo de servicio fuera de balance<\/li>\n                                                            <\/ul>\n                                                    <\/div>\n                        <div class=\"info-block__right\">\n                            <img decoding=\"async\" src=\"https:\/\/www.vikingcold.com\/wp-content\/uploads\/2019\/07\/improve-profitability-money-and-power-outlet.png\" alt=\"\">\n                        <\/div>\n                    <\/div>\n                    <div class=\"info-block__bottom\">\n                        <div class=\"info-block__content-wrap\">\n                            <div class=\"info-block__content\">\n                                                            <\/div>\n                        <\/div>\n                    <\/div>\n                <\/div>\n\n                    <\/div>\n\n    <\/div>\n\n<\/div>\n\n    \n  \n<\/div>\n\n        \n      <\/div>\n\n    \n  <\/div>\n<\/section>\n<section\ndata-block-id=\"102\"\ndata-block-type=\"columns\"\nclass=\"section section-type-columns columns\n    columns--light-blue  \"\n\n\n>\n  <div class=\"container\">\n\n    \n      \n      <div class=\"grid grid--no-padding grid--center  \">\n\n        \n          <div\ndata-block-id=\"103\"\ndata-block-type=\"column\"\nclass=\"grid__cell  \"\n\n\n>\n\n  \n    \n      <div\n    data-block-id=\"105\"\n    data-block-type=\"accordion-carousel\"\n    class=\"block accordion-carousel\"\n    data-autoplay-speed=\"5000\"\n>\n    <div class=\"block__content\">\n        <div class=\"accordion-carousel__title\">\n            Componentes del Sistema de Almacenamiento de Energ\u00eda T\u00e9rmica        <\/div>\n\n        <div class=\"accordion-carousel__blocks\">\n            <div class=\"accordion-carousel__content\">\n                                    <div class=\"accordion-slide\">\n                        <div class=\"accordion-slide__title\">\n                            1. Controles inteligentes, monitoreo y notificaci\u00f3n                        <\/div>\n                        <div class=\"accordion-slide__content\">\n                            <div class=\"accordion-slide__content-wrap\">\n                                <ul class=\"accordion-slide__points\">\n                                                                            <li>El subsistema se integra f\u00e1cilmente con los controles existentes<\/li>\n                                                                            <li>Priorice las temperaturas y la calidad de los alimentos mientras reduce el consumo de kWh<\/li>\n                                                                            <li>Capacidad \u00fanica para eliminar la carga durante per\u00edodos prolongados al tiempo que aumenta la eficiencia energ\u00e9tica<\/li>\n                                                                            <li>Monitoreo en tiempo real de temperaturas, estado del equipo y uso de energ\u00eda.<\/li>\n                                                                            <li>Informes y recomendaciones de eficiencia energ\u00e9tica.<\/li>\n                                                                            <li>Notificaciones por correo electr\u00f3nico, mensaje de texto, tel\u00e9fono.<\/li>\n                                                                            <li>Identifique los problemas operativos o de equipo antes de que se conviertan en problemas costosos.<\/li>\n                                                                            <li>Vea nuestro <a href=\"https:\/\/www.vikingcold.com\/resources\/#vimeo-314123647\" target=\"_blank\"> Video de componentes del sistema <\/a><\/li>\n                                                                    <\/ul>\n                                <div class=\"accordion-slide__image_mobile\">\n                                    <img decoding=\"async\" src=\"https:\/\/www.vikingcold.com\/wp-content\/uploads\/2019\/07\/Cloud-Monitoring-Component-Viking-Cold.png\" alt=\"\">\n                                <\/div>\n                            <\/div>\n                        <\/div>\n                    <\/div>\n                                    <div class=\"accordion-slide\">\n                        <div class=\"accordion-slide__title\">\n                            2. C\u00e9lulas de almacenamiento de energ\u00eda t\u00e9rmica                        <\/div>\n                        <div class=\"accordion-slide__content\">\n                            <div class=\"accordion-slide__content-wrap\">\n                                <ul class=\"accordion-slide__points\">\n                                                                            <li>C\u00e9lulas de HDPE no circulantes, selladas individualmente<\/li>\n                                                                            <li>Relleno de material de cambio de fase (PCM) ecol\u00f3gico<\/li>\n                                                                            <li>Las f\u00f3rmulas PCM var\u00edan de -20\u00ba F a 32\u00ba F (-28\u00ba C a 0\u00ba C)<\/li>\n                                                                            <li>Atraer y absorber 300 veces m\u00e1s calor por libra que los alimentos congelados<\/li>\n                                                                            <li>Absorba y transfiera calor 8 veces m\u00e1s r\u00e1pido que los alimentos congelados.<\/li>\n                                                                            <li>Vea nuestro <a href=\"https:\/\/www.vikingcold.com\/resources\/#vimeo-314123647\" target=\"_blank\"> Video de componentes del sistema <\/a><\/li>\n                                                                    <\/ul>\n                                <div class=\"accordion-slide__image_mobile\">\n                                    <img decoding=\"async\" src=\"https:\/\/www.vikingcold.com\/wp-content\/uploads\/2019\/07\/phase-change-material-thermal-energy-storage-cell-3.png\" alt=\"\">\n                                <\/div>\n                            <\/div>\n                        <\/div>\n                    <\/div>\n                            <\/div>\n            <div class=\"accordion-carousel__image\">\n                                    <div class=\"accordion-slide__image\">\n                        <img decoding=\"async\" src=\"https:\/\/www.vikingcold.com\/wp-content\/uploads\/2019\/07\/Cloud-Monitoring-Component-Viking-Cold.png\" alt=\"\">\n                    <\/div>\n                                    <div class=\"accordion-slide__image\">\n                        <img decoding=\"async\" src=\"https:\/\/www.vikingcold.com\/wp-content\/uploads\/2019\/07\/phase-change-material-thermal-energy-storage-cell-3.png\" alt=\"\">\n                    <\/div>\n                            <\/div>\n        <\/div>\n\n    <\/div>\n\n<\/div>\n\n    \n  \n<\/div>\n\n        \n      <\/div>\n\n    \n  <\/div>\n<\/section>\n","protected":false},"excerpt":{"rendered":"<p>Soluciones Energ\u00e9ticas del Congelador sin Cita Previa en el Supermercado Los m\u00e1rgenes de ganancia en el espacio de la tienda de comestibles son muy peque\u00f1os, y los investigadores de energystar.gov estiman que $ 1 en ahorro de energ\u00eda es equivalente a aumentar las ventas en $ 59. Las demandas de energ\u00eda en los supermercados de EE. UU. Son enormes, con la refrigeraci\u00f3n y la iluminaci\u00f3n representando m\u00e1s del 50% del uso total de energ\u00eda. Cada a\u00f1o, el supermercado estadounidense promedio &#8230;<\/p>\n","protected":false},"author":13,"featured_media":0,"parent":0,"menu_order":0,"comment_status":"closed","ping_status":"closed","template":"page-builder.php","meta":{"footnotes":""},"class_list":["post-2754","page","type-page","status-publish","hentry"],"aioseo_notices":[],"_links":{"self":[{"href":"https:\/\/www.vikingcold.com\/es\/wp-json\/wp\/v2\/pages\/2754","targetHints":{"allow":["GET"]}}],"collection":[{"href":"https:\/\/www.vikingcold.com\/es\/wp-json\/wp\/v2\/pages"}],"about":[{"href":"https:\/\/www.vikingcold.com\/es\/wp-json\/wp\/v2\/types\/page"}],"author":[{"embeddable":true,"href":"https:\/\/www.vikingcold.com\/es\/wp-json\/wp\/v2\/users\/13"}],"replies":[{"embeddable":true,"href":"https:\/\/www.vikingcold.com\/es\/wp-json\/wp\/v2\/comments?post=2754"}],"version-history":[{"count":32,"href":"https:\/\/www.vikingcold.com\/es\/wp-json\/wp\/v2\/pages\/2754\/revisions"}],"predecessor-version":[{"id":11141,"href":"https:\/\/www.vikingcold.com\/es\/wp-json\/wp\/v2\/pages\/2754\/revisions\/11141"}],"wp:attachment":[{"href":"https:\/\/www.vikingcold.com\/es\/wp-json\/wp\/v2\/media?parent=2754"}],"curies":[{"name":"wp","href":"https:\/\/api.w.org\/{rel}","templated":true}]}}