{"id":3166,"date":"2018-01-10T09:12:08","date_gmt":"2018-01-10T09:12:08","guid":{"rendered":"https:\/\/www.vikingcold.com\/solar-thermal-energy-storage\/"},"modified":"2018-06-05T12:29:42","modified_gmt":"2018-06-05T12:29:42","slug":"solar-thermal-energy-storage","status":"publish","type":"page","link":"https:\/\/www.vikingcold.com\/es\/solar-thermal-energy-storage\/","title":{"rendered":"Solar Thermal Energy Storage"},"content":{"rendered":"<section\ndata-block-id=\"112\"\ndata-block-type=\"columns\"\nclass=\"section section-type-columns columns\n    columns--white  \"\n\n\n>\n  <div class=\"container\">\n\n    \n      \n      <div class=\"grid grid--no-padding grid--center  \">\n\n        \n          <div\ndata-block-id=\"111\"\ndata-block-type=\"column\"\nclass=\"grid__cell  \"\n\n\n>\n\n  \n    \n      <div\ndata-block-id=\"110\"\ndata-block-type=\"text\"\nclass=\"block block-text -type-html block-text--subtitle \"\n\n>\n\n  \n  <div class=\"block__content h-text-left\">\n\n    \n      \n      Solar + Thermal Energy Storage\n    \n  <\/div>\n\n<\/div>\n\n    \n  \n<\/div>\n\n        \n          <div\ndata-block-id=\"117\"\ndata-block-type=\"column\"\nclass=\"grid__cell grid__cell--50--small -column-width-50--small\"\n\n\n>\n\n  \n    \n      <div\ndata-block-id=\"115\"\ndata-block-type=\"text\"\nclass=\"block block-text -type-html  block-text--padding-right\"\n\n>\n\n  \n  <div class=\"block__content h-text-justify\">\n\n    \n      \n      <p>Solar energy is, by some studies, the cheapest form of electrical energy generation, as well as the cleanest, delivering exceptional benefits for both the planet and for businesses. Yet, in order to maximize the return on solar requires an efficient way to store that energy and flexibility for its future use.<\/p>\n<p>Viking Cold has developed the only proven, environmentally friendly way to store solar energy in the cold storage market (the highest energy demand per cubic foot of any industrial category). Review the third-party Emerging Technologies Coordinating Council Study.<\/p>\n\n    \n  <\/div>\n\n<\/div>\n\n    \n  \n<\/div>\n\n        \n          <div\ndata-block-id=\"108\"\ndata-block-type=\"column\"\nclass=\"grid__cell grid__cell--50--small -column-width-50--small\"\n\n\n>\n\n  \n    \n      <div\ndata-block-id=\"134\"\ndata-block-type=\"video\"\nclass=\"block\"\n\n>\n  <div class=\"block__content\">\n\n    \n              <div\n        class=\"video-embed js-video-embed\"\n        data-provider=\"vimeo\"\n                  data-poster=\"https:\/\/www.vikingcold.com\/wp-content\/uploads\/2018\/05\/Spanish-Video-Thumbnail.png\"\n                >\n            <span class=\"video-player-expand-close video-embed__close\">X<\/span>\n          <iframe\n          src=\"https:\/\/player.vimeo.com\/video\/212804706?background=1&amp;autoplay=0&amp;mute=0&amp;loop=0\" frameborder=\"0\" allow=\"autoplay\" allowfullscreen\n          class=\"js-video-embed-iframe\"\n          ><\/iframe>\n        <\/div>\n      \n    \n  <\/div>\n<\/div>\n\n    \n  \n<\/div>\n\n        \n          <div\ndata-block-id=\"135\"\ndata-block-type=\"column\"\nclass=\"grid__cell  \"\n\n\n>\n\n  \n    \n      <div\ndata-block-id=\"136\"\ndata-block-type=\"text\"\nclass=\"block block-text -type-html  \"\n\n>\n\n  \n  <div class=\"block__content h-text-justify\">\n\n    \n      \n      <p>The solution is the combination of solar generation and Thermal Energy Storage (TES). Our TES system allows you to store solar energy in the form of cold and then release that energy when it\u2019s most cost effective.<\/p>\n<p>The Viking Cold TES system has no mechanical components and is the perfect solution to managing demand and solar shift (the \u201cduck curve\u201d) for your facility. We leverage the existing refrigeration equipment to minimize energy costs while simultaneously maintaining temperature control.<\/p>\n\n    \n  <\/div>\n\n<\/div>\n\n    \n  \n<\/div>\n\n        \n      <\/div>\n\n    \n  <\/div>\n<\/section>\n<section\ndata-block-id=\"127\"\ndata-block-type=\"columns\"\nclass=\"section section-type-columns columns\n    columns--blue  \"\n\n\n>\n  <div class=\"container\">\n\n    \n      \n      <div class=\"grid grid--no-padding grid--center grid--middle \">\n\n        \n          <div\ndata-block-id=\"128\"\ndata-block-type=\"column\"\nclass=\"grid__cell grid__cell--75--small -column-width-75--small\"\n\n\n>\n\n  \n    \n      <div\ndata-block-id=\"129\"\ndata-block-type=\"text\"\nclass=\"block block-text -type-html  \"\n\n>\n\n  \n  <div class=\"block__content h-text-left\">\n\n    \n      \n      <p>Learn how PV Generation + Thermal Energy Storage reduced overnight grid usage by 95% and reduced overall refrigeration energy consumption by 39% at the San Diego Food Bank\u2019s 90,000 square foot warehouse.<\/p>\n\n    \n  <\/div>\n\n<\/div>\n\n    \n  \n<\/div>\n\n        \n          <div\ndata-block-id=\"131\"\ndata-block-type=\"column\"\nclass=\"grid__cell grid__cell--25--small -column-width-25--small\"\n\n\n>\n\n  \n    \n      <div\ndata-block-id=\"132\"\ndata-block-type=\"button\"\nclass=\"block\"\n>\n    <div class=\"block__content h-text-right\">\n\n    \n      <a\n      href=\"https:\/\/www.vikingcold.com\/cold-storage-construction\/#form-11\"\n      class=\"button -bg-white\"\n              target=\"_self\"\n            >\n        Download Case Study      <\/a>\n\n    \n  <\/div>\n<\/div>\n\n    \n  \n<\/div>\n\n        \n      <\/div>\n\n    \n  <\/div>\n<\/section>\n<section\ndata-block-id=\"17\"\ndata-block-type=\"columns\"\nclass=\"section section-type-columns columns\n    columns--light-blue  \"\n\n\n>\n  <div class=\"container\">\n\n    \n      \n      <div class=\"grid grid--no-padding grid--center  \">\n\n        \n          <div\ndata-block-id=\"18\"\ndata-block-type=\"column\"\nclass=\"grid__cell grid__cell--50--small -column-width-50--small\"\n\n\n>\n\n  \n    \n      <div\ndata-block-id=\"20\"\ndata-block-type=\"text\"\nclass=\"block block-text -type-html block-text--title \"\n\n>\n\n  \n  <div class=\"block__content h-text-left\">\n\n    \n      \n      Capas De Protecci\u00f3n\n    \n  <\/div>\n\n<\/div>\n\n    \n      <div\ndata-block-id=\"21\"\ndata-block-type=\"accordion\"\ndata-default-first\nclass=\"block accordion\"\n>\n  <div class=\"block__content\">\n\n    \n      <a href=\"javascript:;\" class=\"accordion__title\" data-accordion=\"1\">1. Protecci\u00f3n de tarifas altas durante horas pico.<\/a>\n      <div class=\"accordion__text\" data-accordion-text=\"1\">El sistema de Viking Cold almacena la energ\u00eda t\u00e9rmica durante los periodos de bajo costo y la usa durante los periodos de mayor costo, ahorrando hasta un 90% de cargos durante las horas pico.<\/div>\n\n    \n      <a href=\"javascript:;\" class=\"accordion__title\" data-accordion=\"2\">2. Protecci\u00f3n perpetua<\/a>\n      <div class=\"accordion__text\" data-accordion-text=\"2\">La soluci\u00f3n Viking Cold est\u00e1 dise\u00f1ada para durar 20 a\u00f1os, no tiene partes m\u00f3viles, y no requiere mantenimiento. A diferencia de los productos de la competencia, nuestra sistema es f\u00e1cil de instalar y trabaja con su equipo de refrigeraci\u00f3n existente.<\/div>\n\n    \n      <a href=\"javascript:;\" class=\"accordion__title\" data-accordion=\"3\">3. Protecci\u00f3n t\u00e9rmica suplementaria<\/a>\n      <div class=\"accordion__text\" data-accordion-text=\"3\">Ante un apag\u00f3n el\u00e9ctrico o un fallo mec\u00e1nico de refrigeraci\u00f3n, los sistemas de Viking Cold mantendr\u00e1n fr\u00eda su instalaci\u00f3n. Su negocio est\u00e1 protegido de costosas perdidas de producto.<\/div>\n\n    \n      <a href=\"javascript:;\" class=\"accordion__title\" data-accordion=\"4\">4. Protecci\u00f3n en tiempo actual<\/a>\n      <div class=\"accordion__text\" data-accordion-text=\"4\">Nuestro sistema de monitoreo e informes proporciona herramientas predictivas para proteger su negocio. Cuando la refrigeraci\u00f3n comience a decaer, el sistema da advertencia antes de que se produzcan da\u00f1os graves y costosos.<\/div>\n\n    \n      <a href=\"javascript:;\" class=\"accordion__title\" data-accordion=\"5\">5. Protecci\u00f3n ante todo<\/a>\n      <div class=\"accordion__text\" data-accordion-text=\"5\">Viking Cold Solutions\u2122 trabajar\u00e1 con su compa\u00f1\u00eda para instalar un sistema hecho a medida para su negocio, con m\u00faltiples opciones de compra flexibles para proteger su hoja de gastos.<\/div>\n\n    \n  <\/div>\n\n<\/div>\n\n    \n  \n<\/div>\n\n        \n          <div\ndata-block-id=\"19\"\ndata-block-type=\"column\"\nclass=\"grid__cell grid__cell--50--small -column-width-50--small\"\n\n\n>\n\n  \n    \n      <div\ndata-block-id=\"22\"\ndata-block-type=\"layers\"\nclass=\"block layers show-for-small\"\n>\n  <div class=\"block__content\">\n\n    <div class=\"layers__images\">\n\n      \n        <div class=\"layers__image layers__image--active\" data-layer=\"0\">\n          <img decoding=\"async\" src=\"https:\/\/www.vikingcold.com\/wp-content\/uploads\/2017\/12\/layer-0.png\" alt=\"\" \/>\n        <\/div>\n\n      \n        <div class=\"layers__image \" data-layer=\"1\">\n          <img decoding=\"async\" src=\"https:\/\/www.vikingcold.com\/wp-content\/uploads\/2017\/12\/layer-1.png\" alt=\"\" \/>\n        <\/div>\n\n      \n        <div class=\"layers__image \" data-layer=\"2\">\n          <img decoding=\"async\" src=\"https:\/\/www.vikingcold.com\/wp-content\/uploads\/2017\/12\/layer-2.png\" alt=\"\" \/>\n        <\/div>\n\n      \n        <div class=\"layers__image \" data-layer=\"3\">\n          <img decoding=\"async\" src=\"https:\/\/www.vikingcold.com\/wp-content\/uploads\/2017\/12\/layer-3.png\" alt=\"\" \/>\n        <\/div>\n\n      \n        <div class=\"layers__image \" data-layer=\"4\">\n          <img decoding=\"async\" src=\"https:\/\/www.vikingcold.com\/wp-content\/uploads\/2017\/12\/layer-4.png\" alt=\"\" \/>\n        <\/div>\n\n      \n        <div class=\"layers__image \" data-layer=\"5\">\n          <img decoding=\"async\" src=\"https:\/\/www.vikingcold.com\/wp-content\/uploads\/2017\/12\/layer-5.png\" alt=\"\" \/>\n        <\/div>\n\n      \n    <\/div>\n\n  <\/div>\n\n<\/div>\n\n    \n  \n<\/div>\n\n        \n      <\/div>\n\n    \n  <\/div>\n<\/section>\n<section\ndata-block-id=\"23\"\ndata-block-type=\"columns\"\nclass=\"section section-type-columns columns\n      \"\n\n\n>\n  <div class=\"container\">\n\n    \n      \n      <div class=\"grid grid--no-padding grid--center  \">\n\n        \n          <div\ndata-block-id=\"24\"\ndata-block-type=\"column\"\nclass=\"grid__cell  \"\n\n\n>\n\n  \n    \n      <div\ndata-block-id=\"25\"\ndata-block-type=\"text\"\nclass=\"block block-text -type-html block-text--title \"\n\n>\n\n  \n  <div class=\"block__content h-text-left\">\n\n    \n      \n      Los Componentes Clave\n    \n  <\/div>\n\n<\/div>\n\n    \n      <div\ndata-block-id=\"28\"\ndata-block-type=\"text\"\nclass=\"block block-text -type-html  \"\n\n>\n\n  \n  <div class=\"block__content h-text-left\">\n\n    \n      \n      <p>Viking Cold Solutions\u2122 otorga un 20-35% de reducci\u00f3n de consumo de energ\u00eda a las compa\u00f1\u00edas.<\/p>\n\n    \n  <\/div>\n\n<\/div>\n\n    \n  \n<\/div>\n\n        \n          <div\ndata-block-id=\"27\"\ndata-block-type=\"column\"\nclass=\"grid__cell grid__cell--50--small -column-width-50--small\"\n\n\n>\n\n  \n    \n      <div\ndata-block-id=\"29\"\ndata-block-type=\"image\"\nclass=\"block\"\n>\n  <div class=\"block__content\">\n\n    \n      <div\n      class=\"image-container\"\n      >\n\n        \n        \n          <img loading=\"lazy\" decoding=\"async\" width=\"508\" height=\"286\" src=\"https:\/\/www.vikingcold.com\/wp-content\/uploads\/2017\/12\/cold-storage-air-flow.jpg\" class=\"attachment-full size-full\" alt=\"\" srcset=\"https:\/\/www.vikingcold.com\/wp-content\/uploads\/2017\/12\/cold-storage-air-flow.jpg 508w, https:\/\/www.vikingcold.com\/wp-content\/uploads\/2017\/12\/cold-storage-air-flow-300x169.jpg 300w\" sizes=\"auto, (max-width: 508px) 100vw, 508px\" \/>\n        \n      <\/div>\n\n      \n        <p class=\"image-container-caption\">El calor se eleva y es absorbido por los m\u00f3dulos TES<\/p>\n\n      \n    \n  <\/div>\n<\/div>\n\n    \n  \n<\/div>\n\n        \n          <div\ndata-block-id=\"142\"\ndata-block-type=\"column\"\nclass=\"grid__cell grid__cell--50--small -column-width-50--small\"\n\n\n>\n\n  \n    \n      <div\ndata-block-id=\"30\"\ndata-block-type=\"image\"\nclass=\"block\"\n>\n  <div class=\"block__content\">\n\n    \n      <div\n      class=\"image-container\"\n      >\n\n        \n        \n          <img loading=\"lazy\" decoding=\"async\" width=\"504\" height=\"289\" src=\"https:\/\/www.vikingcold.com\/wp-content\/uploads\/2017\/12\/cold-storage-tes-module.jpg\" class=\"attachment-full size-full\" alt=\"\" srcset=\"https:\/\/www.vikingcold.com\/wp-content\/uploads\/2017\/12\/cold-storage-tes-module.jpg 504w, https:\/\/www.vikingcold.com\/wp-content\/uploads\/2017\/12\/cold-storage-tes-module-300x172.jpg 300w\" sizes=\"auto, (max-width: 504px) 100vw, 504px\" \/>\n        \n      <\/div>\n\n      \n        <p class=\"image-container-caption\">El calor es eliminado eficazmente de los m\u00f3dulos TES por medio de los evaporadores<\/p>\n\n      \n    \n  <\/div>\n<\/div>\n\n    \n  \n<\/div>\n\n        \n      <\/div>\n\n    \n  <\/div>\n<\/section>\n<section\ndata-block-id=\"51\"\ndata-block-type=\"columns\"\nclass=\"section section-type-columns columns\n    columns--blue  \"\n\n\n>\n  <div class=\"container\">\n\n    \n      \n      <div class=\"grid grid--no-padding grid--center grid--middle \">\n\n        \n          <div\ndata-block-id=\"52\"\ndata-block-type=\"column\"\nclass=\"grid__cell grid__cell--75--small -column-width-75--small\"\n\n\n>\n\n  \n    \n      <div\ndata-block-id=\"53\"\ndata-block-type=\"text\"\nclass=\"block block-text -type-html block-text--title \"\n\n>\n\n  \n  <div class=\"block__content h-text-left\">\n\n    \n      \n      Eficiencia Energ\u00e9tica y Ahorros de Costos Comprobados\n    \n  <\/div>\n\n<\/div>\n\n    \n      <div\ndata-block-id=\"54\"\ndata-block-type=\"text\"\nclass=\"block block-text -type-html  \"\n\n>\n\n  \n  <div class=\"block__content h-text-left\">\n\n    \n      \n      <p>Un proceso patentado para proporcionar verdaderos ahorros en su inversi\u00f3n de eficiencia energ\u00e9tica. Esto proporciona un valor cuantificable en las instalaciones de temperatura controlada, tanto comerciales como industriales.<\/p>\n\n    \n  <\/div>\n\n<\/div>\n\n    \n  \n<\/div>\n\n        \n          <div\ndata-block-id=\"55\"\ndata-block-type=\"column\"\nclass=\"grid__cell grid__cell--25--small -column-width-25--small\"\n\n\n>\n\n  \n    \n      <div\ndata-block-id=\"56\"\ndata-block-type=\"button\"\nclass=\"block\"\n>\n    <div class=\"block__content h-text-right\">\n\n    \n      <a\n      href=\"\"\n      class=\"button -bg-white\"\n              target=\"_self\"\n            >\n        Ver M\u00e1s      <\/a>\n\n    \n  <\/div>\n<\/div>\n\n    \n  \n<\/div>\n\n        \n      <\/div>\n\n    \n  <\/div>\n<\/section>\n<section\ndata-block-id=\"57\"\ndata-block-type=\"columns\"\nclass=\"section section-type-columns columns\n  columns--box_no-bg  columns--light-blue  \"\n\n\n>\n  <div class=\"container\">\n\n    \n      \n      <div class=\"grid grid--no-padding grid--center  \">\n\n        \n          <div\ndata-block-id=\"58\"\ndata-block-type=\"column\"\nclass=\"grid__cell grid__cell--33--small -column-width-33--small\"\n\n\n>\n\n  \n    \n      <div\ndata-block-id=\"61\"\ndata-block-type=\"text\"\nclass=\"block block-text -type-html block-text--subtitle \"\n\n>\n\n  \n  <div class=\"block__content h-text-left\">\n\n    \n      \n      Eficacia Demostrada\n    \n  <\/div>\n\n<\/div>\n\n    \n      <div\ndata-block-id=\"62\"\ndata-block-type=\"text\"\nclass=\"block block-text -type-html  \"\n\n>\n\n  \n  <div class=\"block__content h-text-justify\">\n\n    \n      \n      <p>Las instalaciones de refrigeraci\u00f3n comerciales e industriales de Viking Cold Solutions\u2122 han demostrado internacionalmente su capacidad de reducci\u00f3n del 20%-35% en kilovatios hora (kWh) en consumo y 30%-40% de reducci\u00f3n en el tiempo de uso de los equipos mec\u00e1nicos.<\/p>\n\n    \n  <\/div>\n\n<\/div>\n\n    \n  \n<\/div>\n\n        \n          <div\ndata-block-id=\"59\"\ndata-block-type=\"column\"\nclass=\"grid__cell grid__cell--33--small -column-width-33--small\"\n\n\n>\n\n  \n    \n      <div\ndata-block-id=\"63\"\ndata-block-type=\"text\"\nclass=\"block block-text -type-html block-text--subtitle \"\n\n>\n\n  \n  <div class=\"block__content h-text-left\">\n\n    \n      \n      Soluci\u00f3n Patentada\n    \n  <\/div>\n\n<\/div>\n\n    \n      <div\ndata-block-id=\"64\"\ndata-block-type=\"text\"\nclass=\"block block-text -type-html  \"\n\n>\n\n  \n  <div class=\"block__content h-text-justify\">\n\n    \n      \n      <p>Nuestros algoritmos y software de gesti\u00f3n de energ\u00eda optimizan el rendimiento de energ\u00eda t\u00e9rmica y la eficiencia energ\u00e9tica en cualquier instalaci\u00f3n, reduciendo el consumo de energ\u00eda, cambio de demanda, y proporcionando m\u00ednimos gastos de energ\u00eda. La conectividad a distancia de Viking Cold Solutions\u2122 proporciona a los gestores datos en tiempo real y la posibilidad de dirigir a distancia tanto instalaciones individuales como empresariales.<\/p>\n\n    \n  <\/div>\n\n<\/div>\n\n    \n  \n<\/div>\n\n        \n          <div\ndata-block-id=\"60\"\ndata-block-type=\"column\"\nclass=\"grid__cell grid__cell--33--small -column-width-33--small\"\n\n\n>\n\n  \n    \n      <div\ndata-block-id=\"65\"\ndata-block-type=\"text\"\nclass=\"block block-text -type-html block-text--subtitle \"\n\n>\n\n  \n  <div class=\"block__content h-text-left\">\n\n    \n      \n      Software Avanzado\n    \n  <\/div>\n\n<\/div>\n\n    \n      <div\ndata-block-id=\"66\"\ndata-block-type=\"text\"\nclass=\"block block-text -type-html  \"\n\n>\n\n  \n  <div class=\"block__content h-text-justify\">\n\n    \n      \n      <p>Nuestros algoritmos y software de gesti\u00f3n de energ\u00eda optimizan el rendimiento de energ\u00eda t\u00e9rmica y la eficiencia energ\u00e9tica en cualquier instalaci\u00f3n, reduciendo el consumo de energ\u00eda, cambio de demanda, y proporcionando m\u00ednimos gastos de energ\u00eda. La conectividad a distancia de Viking Cold Solutions\u2122 proporciona a los gestores datos en tiempo real y la posibilidad de dirigir a distancia tanto instalaciones individuales como empresariales.<\/p>\n\n    \n  <\/div>\n\n<\/div>\n\n    \n  \n<\/div>\n\n        \n      <\/div>\n\n    \n  <\/div>\n<\/section>\n<section\ndata-block-id=\"67\"\ndata-block-type=\"columns\"\nclass=\"section section-type-columns columns\n  columns--box  columns--light-blue  \"\n\n\n>\n  <div class=\"container\">\n\n    \n      \n      <div class=\"grid grid--no-padding grid--center  \">\n\n        \n          <div\ndata-block-id=\"68\"\ndata-block-type=\"column\"\nclass=\"grid__cell grid__cell--33--small -column-width-33--small\"\n\n\n>\n\n  \n    \n      <div\ndata-block-id=\"71\"\ndata-block-type=\"text\"\nclass=\"block block-text -type-html block-text--title \"\n\n>\n\n  \n  <div class=\"block__content h-text-center\">\n\n    \n      \n      Nuestras soluciones se instalan en:\n    \n  <\/div>\n\n<\/div>\n\n    \n      <div\ndata-block-id=\"72\"\ndata-block-type=\"text\"\nclass=\"block block-text -type-html  \"\n\n>\n\n  \n  <div class=\"block__content h-text-left\">\n\n    \n      \n      <p>Almacenes refrigerados industriales y comerciales<\/p><p>Almacenes refrigerados, congeladores de log\u00edsticas, transportaci\u00f3n, y distribuci\u00f3n<\/p><p>Congeladores en cadenas de restaurantes y supermercados<\/p>\n    \n  <\/div>\n\n<\/div>\n\n    \n  \n<\/div>\n\n        \n          <div\ndata-block-id=\"70\"\ndata-block-type=\"column\"\nclass=\"grid__cell grid__cell--33--small -column-width-33--small\"\n\n\n>\n\n  \n    \n      <div\ndata-block-id=\"73\"\ndata-block-type=\"text\"\nclass=\"block block-text -type-html block-text--title \"\n\n>\n\n  \n  <div class=\"block__content h-text-center\">\n\n    \n      \n      Medidores de alta gama\n    \n  <\/div>\n\n<\/div>\n\n    \n      <div\ndata-block-id=\"74\"\ndata-block-type=\"text\"\nclass=\"block block-text -type-html  \"\n\n>\n\n  \n  <div class=\"block__content h-text-left\">\n\n    \n      \n      <p>Tecnolog\u00edas de energ\u00eda verde dise\u00f1ados e integrados para reducir la huella de carbono<\/p><p>Proporciona resultados econ\u00f3micos demostrados que son ampliables desde una \u00fanica ubicaci\u00f3n hasta instalaciones empresariales<\/p><p>Viking Cold Solutions\u2122 posee un patente extenso y poderoso que cubre espacios refrigerados de almacenamiento, log\u00edstica, transportaci\u00f3n, y distribuci\u00f3n<\/p>\n    \n  <\/div>\n\n<\/div>\n\n    \n  \n<\/div>\n\n        \n          <div\ndata-block-id=\"69\"\ndata-block-type=\"column\"\nclass=\"grid__cell grid__cell--33--small -column-width-33--small\"\n\n\n>\n\n  \n    \n      <div\ndata-block-id=\"75\"\ndata-block-type=\"text\"\nclass=\"block block-text -type-html block-text--title \"\n\n>\n\n  \n  <div class=\"block__content h-text-center\">\n\n    \n      \n      Software Avanzado\n    \n  <\/div>\n\n<\/div>\n\n    \n      <div\ndata-block-id=\"76\"\ndata-block-type=\"text\"\nclass=\"block block-text -type-html  \"\n\n>\n\n  \n  <div class=\"block__content h-text-left\">\n\n    \n      \n      <p>Inversi\u00f3n de desarrollo de software de 5 a\u00f1os<\/p><p>Algoritmos propietarios de optimizaci\u00f3n de gesti\u00f3n de energ\u00eda<\/p><p>El acceso a la nube permite a los gestores controlar e interactuar en tiempo real<\/p>\n    \n  <\/div>\n\n<\/div>\n\n    \n  \n<\/div>\n\n        \n      <\/div>\n\n    \n  <\/div>\n<\/section>\n","protected":false},"excerpt":{"rendered":"<p>Solar + Thermal Energy Storage Solar energy is, by some studies, the cheapest form of electrical energy generation, as well as the cleanest, delivering exceptional benefits for both the planet and for businesses. Yet, in order to maximize the return on solar requires an efficient way to store that energy and flexibility for its future use. Viking Cold has developed the only proven, environmentally friendly way to store solar energy in the cold storage market (the highest energy demand per &#8230;<\/p>\n","protected":false},"author":13,"featured_media":0,"parent":0,"menu_order":0,"comment_status":"closed","ping_status":"closed","template":"page-builder.php","meta":{"footnotes":""},"class_list":["post-3166","page","type-page","status-publish","hentry"],"aioseo_notices":[],"_links":{"self":[{"href":"https:\/\/www.vikingcold.com\/es\/wp-json\/wp\/v2\/pages\/3166","targetHints":{"allow":["GET"]}}],"collection":[{"href":"https:\/\/www.vikingcold.com\/es\/wp-json\/wp\/v2\/pages"}],"about":[{"href":"https:\/\/www.vikingcold.com\/es\/wp-json\/wp\/v2\/types\/page"}],"author":[{"embeddable":true,"href":"https:\/\/www.vikingcold.com\/es\/wp-json\/wp\/v2\/users\/13"}],"replies":[{"embeddable":true,"href":"https:\/\/www.vikingcold.com\/es\/wp-json\/wp\/v2\/comments?post=3166"}],"version-history":[{"count":15,"href":"https:\/\/www.vikingcold.com\/es\/wp-json\/wp\/v2\/pages\/3166\/revisions"}],"predecessor-version":[{"id":4273,"href":"https:\/\/www.vikingcold.com\/es\/wp-json\/wp\/v2\/pages\/3166\/revisions\/4273"}],"wp:attachment":[{"href":"https:\/\/www.vikingcold.com\/es\/wp-json\/wp\/v2\/media?parent=3166"}],"curies":[{"name":"wp","href":"https:\/\/api.w.org\/{rel}","templated":true}]}}