{"id":3168,"date":"2018-04-24T11:15:40","date_gmt":"2018-04-24T11:15:40","guid":{"rendered":"https:\/\/www.vikingcold.com\/utility-grid-benefit-thermal-energy-storage\/"},"modified":"2018-06-01T08:47:25","modified_gmt":"2018-06-01T08:47:25","slug":"utility-grid-benefit-thermal-energy-storage","status":"publish","type":"page","link":"https:\/\/www.vikingcold.com\/es\/utility-grid-benefit-thermal-energy-storage\/","title":{"rendered":"Utility &#038; Grid Benefits of Thermal Energy Storage"},"content":{"rendered":"<section\ndata-block-id=\"1\"\ndata-block-type=\"columns\"\nclass=\"section section-type-columns columns\n      \"\n\n\n>\n  <div class=\"container\">\n\n    \n      \n      <div class=\"grid grid--no-padding grid--center  \">\n\n        \n          <div\ndata-block-id=\"2\"\ndata-block-type=\"column\"\nclass=\"grid__cell  \"\n\n\n>\n\n  \n    \n      <div\ndata-block-id=\"3\"\ndata-block-type=\"text\"\nclass=\"block block-text -type-html block-text--title \"\n\n>\n\n  \n  <div class=\"block__content h-text-left\">\n\n    \n      \n      Utility &amp; Grid Benefits of Thermal Energy Storage\n    \n  <\/div>\n\n<\/div>\n\n    \n  \n<\/div>\n\n        \n          <div\ndata-block-id=\"152\"\ndata-block-type=\"column\"\nclass=\"grid__cell grid__cell--50--small -column-width-50--small\"\n\n\n>\n\n  \n    \n      <div\ndata-block-id=\"153\"\ndata-block-type=\"text\"\nclass=\"block block-text -type-html  block-text--padding-right\"\n\n>\n\n  \n  <div class=\"block__content h-text-left\">\n\n    \n      \n      <p>Why should public and private utilities focus on cold storage facilities? Because they have the #1 highest demand per cubic foot and the #3 highest consumption of any industrial category on the grid. And now there is a customer-located energy storage medium that can handle the formerly inaccessible high demand and continuous refrigeration equipment run time required to operate these facilities.<\/p>\n<p>Operators in this industry, which consumes over $30 billion USD worth of electricity annually to keep food cold, now have the flexibility to determine how they purchase, store, and consume that energy.<\/p>\n\n    \n  <\/div>\n\n<\/div>\n\n    \n  \n<\/div>\n\n        \n          <div\ndata-block-id=\"154\"\ndata-block-type=\"column\"\nclass=\"grid__cell grid__cell--50--small -column-width-50--small\"\n\n\n>\n\n  \n    \n      <div\ndata-block-id=\"174\"\ndata-block-type=\"image\"\nclass=\"block\"\n>\n  <div class=\"block__content\">\n\n    \n      <div\n      class=\"image-container\"\n      >\n\n        \n        \n          <img width=\"700\" height=\"400\" src=\"https:\/\/www.vikingcold.com\/wp-content\/uploads\/2018\/02\/DSC_1853_big-1.jpg\" class=\"attachment-full size-full\" alt=\"Viking Cold Thermal Energy Storage system\" decoding=\"async\" loading=\"lazy\" srcset=\"https:\/\/www.vikingcold.com\/wp-content\/uploads\/2018\/02\/DSC_1853_big-1.jpg 700w, https:\/\/www.vikingcold.com\/wp-content\/uploads\/2018\/02\/DSC_1853_big-1-300x171.jpg 300w\" sizes=\"(max-width: 700px) 100vw, 700px\" \/>\n        \n      <\/div>\n\n      \n    \n  <\/div>\n<\/div>\n\n    \n      <div\ndata-block-id=\"177\"\ndata-block-type=\"spacer\"\nstyle=\"height: 18px;;\"\nclass=\"\"\n><\/div>\n\n    \n  \n<\/div>\n\n        \n          <div\ndata-block-id=\"156\"\ndata-block-type=\"column\"\nclass=\"grid__cell  \"\n\n\n>\n\n  \n    \n      <div\ndata-block-id=\"157\"\ndata-block-type=\"text\"\nclass=\"block block-text -type-html  \"\n\n>\n\n  \n  <div class=\"block__content h-text-left\">\n\n    \n      \n      <p>Viking Cold\u2019s Thermal Energy Storage (TES) technology sits behind the meter and leverages the heat transference properties of phase change material, intelligent controls, and 24\/7 monitoring and reporting software to reduce energy consumption and shift time-of-use while better maintaining stable freezer temperatures to safeguard frozen product.<\/p>\n\n    \n  <\/div>\n\n<\/div>\n\n    \n      <div\ndata-block-id=\"178\"\ndata-block-type=\"spacer\"\nstyle=\"height: 18px;;\"\nclass=\"\"\n><\/div>\n\n    \n  \n<\/div>\n\n        \n          <div\ndata-block-id=\"158\"\ndata-block-type=\"column\"\nclass=\"grid__cell  \"\n\n\n>\n\n  \n    \n      <div\ndata-block-id=\"159\"\ndata-block-type=\"text\"\nclass=\"block block-text -type-html  \"\n\n>\n\n  \n  <div class=\"block__content h-text-left\">\n\n    \n      \n      <p>This happens because the TES systems allow the energy intensive refrigeration equipment to be turned off for long periods of time during peak periods, or at times when renewable energy sources go offline, to flatten out demand spikes.<\/p>\n<p>TES now provides utilities access to the enormous load of the cold storage industry for additional grid capacity and resiliency. <\/p>\n<p>This newly accessible load helps utilities delay costly infrastructure projects and provides a path to engagement with commercial and industrial customers.<\/p>\n<p>Viking Colds TES technology has been tested, accepted, and incentivized by many utilities across North America, and our systems are installed and running in multiple countries.<\/p>\n\n    \n  <\/div>\n\n<\/div>\n\n    \n  \n<\/div>\n\n        \n      <\/div>\n\n    \n  <\/div>\n<\/section>\n<section\ndata-block-id=\"169\"\ndata-block-type=\"columns\"\nclass=\"section section-type-columns columns\n  columns--box  columns--light-blue  \"\n\n\n>\n  <div class=\"container\">\n\n    \n      \n      <div class=\"grid grid--no-padding   \">\n\n        \n          <div\ndata-block-id=\"170\"\ndata-block-type=\"column\"\nclass=\"grid__cell grid__cell--50--small -column-width-50--small\"\n\n\n>\n\n  \n    \n      <div\ndata-block-id=\"171\"\ndata-block-type=\"text\"\nclass=\"block block-text -type-html block-text--title \"\n\n>\n\n  \n  <div class=\"block__content h-text-center\">\n\n    \n      \n      Utility benefits of thermal energy storage\n    \n  <\/div>\n\n<\/div>\n\n    \n      <div\ndata-block-id=\"172\"\ndata-block-type=\"text\"\nclass=\"block block-text -type-html  \"\n\n>\n\n  \n  <div class=\"block__content h-text-left\">\n\n    \n      \n      <p>Additional Capacity & Resiliency<\/p><p>20% to 30% Reduced Demand<\/p><p>Behind the Meter Storage<\/p><p>Address \u201cDuck Curve\u201d and Renewable Load Shifts<\/p><p>24\/7 Remote Monitoring<\/p><p>Engage Industrial Customers<\/p><p>Utility Proven & Accepted Technology<\/p>\n    \n  <\/div>\n\n<\/div>\n\n    \n  \n<\/div>\n\n        \n          <div\ndata-block-id=\"176\"\ndata-block-type=\"column\"\nclass=\"grid__cell grid__cell--50--small -column-width-50--small\"\n\n\n>\n\n  \n    \n      <div\ndata-block-id=\"175\"\ndata-block-type=\"image\"\nclass=\"block\"\n>\n  <div class=\"block__content\">\n\n    \n      <div\n      class=\"image-container\"\n      >\n\n        \n        \n          <img width=\"700\" height=\"400\" src=\"https:\/\/www.vikingcold.com\/wp-content\/uploads\/2018\/03\/SDFB-1.jpg\" class=\"attachment-full size-full\" alt=\"\" decoding=\"async\" loading=\"lazy\" srcset=\"https:\/\/www.vikingcold.com\/wp-content\/uploads\/2018\/03\/SDFB-1.jpg 700w, https:\/\/www.vikingcold.com\/wp-content\/uploads\/2018\/03\/SDFB-1-300x171.jpg 300w\" sizes=\"(max-width: 700px) 100vw, 700px\" \/>\n        \n      <\/div>\n\n      \n    \n  <\/div>\n<\/div>\n\n    \n  \n<\/div>\n\n        \n      <\/div>\n\n    \n  <\/div>\n<\/section>\n<section\ndata-block-id=\"146\"\ndata-block-type=\"columns\"\nclass=\"section section-type-columns columns\n      \"\n\n\n>\n  <div class=\"container\">\n\n    \n      \n      <div class=\"grid grid--no-padding grid--center  \">\n\n        \n          <div\ndata-block-id=\"147\"\ndata-block-type=\"column\"\nclass=\"grid__cell  \"\n\n\n>\n\n  \n    \n      <div\ndata-block-id=\"151\"\ndata-block-type=\"text\"\nclass=\"block block-text -type-html block-text--title \"\n\n>\n\n  \n  <div class=\"block__content h-text-left\">\n\n    \n      \n      El Almacenamiento De Energ\u00eda T\u00e9rmica Reduce El Consumo De Energ\u00eda\n    \n  <\/div>\n\n<\/div>\n\n    \n      <div\ndata-block-id=\"149\"\ndata-block-type=\"image\"\nclass=\"block\"\n>\n  <div class=\"block__content\">\n\n    \n      <div\n      class=\"image-container\"\n      >\n\n        \n        \n          <img width=\"1000\" height=\"407\" src=\"https:\/\/www.vikingcold.com\/wp-content\/uploads\/2018\/01\/Peak-Period-Reduction-English.jpg\" class=\"attachment-full size-full\" alt=\"\" decoding=\"async\" loading=\"lazy\" srcset=\"https:\/\/www.vikingcold.com\/wp-content\/uploads\/2018\/01\/Peak-Period-Reduction-English.jpg 1000w, https:\/\/www.vikingcold.com\/wp-content\/uploads\/2018\/01\/Peak-Period-Reduction-English-768x313.jpg 768w, https:\/\/www.vikingcold.com\/wp-content\/uploads\/2018\/01\/Peak-Period-Reduction-English-300x122.jpg 300w\" sizes=\"(max-width: 1000px) 100vw, 1000px\" \/>\n        \n      <\/div>\n\n      \n    \n  <\/div>\n<\/div>\n\n    \n  \n<\/div>\n\n        \n      <\/div>\n\n    \n  <\/div>\n<\/section>\n<section\ndata-block-id=\"51\"\ndata-block-type=\"columns\"\nclass=\"section section-type-columns columns\n    columns--blue  \"\n\n\n>\n  <div class=\"container\">\n\n    \n      \n      <div class=\"grid grid--no-padding grid--center grid--middle \">\n\n        \n          <div\ndata-block-id=\"52\"\ndata-block-type=\"column\"\nclass=\"grid__cell grid__cell--75--small -column-width-75--small\"\n\n\n>\n\n  \n    \n      <div\ndata-block-id=\"54\"\ndata-block-type=\"text\"\nclass=\"block block-text -type-html  \"\n\n>\n\n  \n  <div class=\"block__content h-text-left\">\n\n    \n      \n      <p>Learn more about the grid benefits and demand shifting capabilities of Thermal Energy Storage technology in the heavy load and high demand sector of cold storage.<\/p>\n\n    \n  <\/div>\n\n<\/div>\n\n    \n  \n<\/div>\n\n        \n          <div\ndata-block-id=\"55\"\ndata-block-type=\"column\"\nclass=\"grid__cell grid__cell--25--small -column-width-25--small\"\n\n\n>\n\n  \n    \n      <div\ndata-block-id=\"56\"\ndata-block-type=\"button\"\nclass=\"block\"\n>\n    <div class=\"block__content h-text-right\">\n\n    \n      <a\n      href=\"https:\/\/www.vikingcold.com\/wp-content\/uploads\/2018\/04\/Utility_and_Grid_Benefits_of_Thermal_Energy_Storage.pdf\"\n      class=\"button -bg-white\"\n              target=\"_self\"\n            >\n        DOWNLOAD BROCHURE      <\/a>\n\n    \n  <\/div>\n<\/div>\n\n    \n  \n<\/div>\n\n        \n      <\/div>\n\n    \n  <\/div>\n<\/section>\n<section\ndata-block-id=\"23\"\ndata-block-type=\"columns\"\nclass=\"section section-type-columns columns\n      \"\n\n\n>\n  <div class=\"container\">\n\n    \n      \n      <div class=\"grid grid--no-padding grid--center  \">\n\n        \n          <div\ndata-block-id=\"24\"\ndata-block-type=\"column\"\nclass=\"grid__cell  \"\n\n\n>\n\n  \n    \n      <div\ndata-block-id=\"25\"\ndata-block-type=\"text\"\nclass=\"block block-text -type-html block-text--title \"\n\n>\n\n  \n  <div class=\"block__content h-text-left\">\n\n    \n      \n      Los Componentes Clave\n    \n  <\/div>\n\n<\/div>\n\n    \n      <div\ndata-block-id=\"28\"\ndata-block-type=\"text\"\nclass=\"block block-text -type-html  \"\n\n>\n\n  \n  <div class=\"block__content h-text-left\">\n\n    \n      \n      <p>Viking Cold Solutions\u2122 otorga un 20-35% de reducci\u00f3n de consumo de energ\u00eda a las compa\u00f1\u00edas.<\/p>\n\n    \n  <\/div>\n\n<\/div>\n\n    \n  \n<\/div>\n\n        \n          <div\ndata-block-id=\"27\"\ndata-block-type=\"column\"\nclass=\"grid__cell grid__cell--50--small -column-width-50--small\"\n\n\n>\n\n  \n    \n      <div\ndata-block-id=\"29\"\ndata-block-type=\"image\"\nclass=\"block\"\n>\n  <div class=\"block__content\">\n\n    \n      <div\n      class=\"image-container\"\n      >\n\n        \n        \n          <img width=\"508\" height=\"286\" src=\"https:\/\/www.vikingcold.com\/wp-content\/uploads\/2017\/12\/cold-storage-air-flow.jpg\" class=\"attachment-full size-full\" alt=\"\" decoding=\"async\" loading=\"lazy\" srcset=\"https:\/\/www.vikingcold.com\/wp-content\/uploads\/2017\/12\/cold-storage-air-flow.jpg 508w, https:\/\/www.vikingcold.com\/wp-content\/uploads\/2017\/12\/cold-storage-air-flow-300x169.jpg 300w\" sizes=\"(max-width: 508px) 100vw, 508px\" \/>\n        \n      <\/div>\n\n      \n        <p class=\"image-container-caption\">El calor se eleva y es absorbido por los m\u00f3dulos TES<\/p>\n\n      \n    \n  <\/div>\n<\/div>\n\n    \n  \n<\/div>\n\n        \n          <div\ndata-block-id=\"179\"\ndata-block-type=\"column\"\nclass=\"grid__cell grid__cell--50--small -column-width-50--small\"\n\n\n>\n\n  \n    \n      <div\ndata-block-id=\"30\"\ndata-block-type=\"image\"\nclass=\"block\"\n>\n  <div class=\"block__content\">\n\n    \n      <div\n      class=\"image-container\"\n      >\n\n        \n        \n          <img width=\"504\" height=\"289\" src=\"https:\/\/www.vikingcold.com\/wp-content\/uploads\/2017\/12\/cold-storage-tes-module.jpg\" class=\"attachment-full size-full\" alt=\"\" decoding=\"async\" loading=\"lazy\" srcset=\"https:\/\/www.vikingcold.com\/wp-content\/uploads\/2017\/12\/cold-storage-tes-module.jpg 504w, https:\/\/www.vikingcold.com\/wp-content\/uploads\/2017\/12\/cold-storage-tes-module-300x172.jpg 300w\" sizes=\"(max-width: 504px) 100vw, 504px\" \/>\n        \n      <\/div>\n\n      \n        <p class=\"image-container-caption\">El calor es eliminado eficazmente de los m\u00f3dulos TES por medio de los evaporadores<\/p>\n\n      \n    \n  <\/div>\n<\/div>\n\n    \n  \n<\/div>\n\n        \n      <\/div>\n\n    \n  <\/div>\n<\/section>\n<section\ndata-block-id=\"57\"\ndata-block-type=\"columns\"\nclass=\"section section-type-columns columns\n  columns--box_no-bg  columns--light-blue  \"\n\n\n>\n  <div class=\"container\">\n\n    \n      \n      <div class=\"grid grid--no-padding grid--center  \">\n\n        \n          <div\ndata-block-id=\"58\"\ndata-block-type=\"column\"\nclass=\"grid__cell grid__cell--33--small -column-width-33--small\"\n\n\n>\n\n  \n    \n      <div\ndata-block-id=\"61\"\ndata-block-type=\"text\"\nclass=\"block block-text -type-html block-text--subtitle \"\n\n>\n\n  \n  <div class=\"block__content h-text-left\">\n\n    \n      \n      Eficacia Demostrada\n    \n  <\/div>\n\n<\/div>\n\n    \n      <div\ndata-block-id=\"62\"\ndata-block-type=\"text\"\nclass=\"block block-text -type-html  \"\n\n>\n\n  \n  <div class=\"block__content h-text-justify\">\n\n    \n      \n      <p>Las instalaciones de refrigeraci\u00f3n comerciales e industriales de Viking Cold Solutions\u2122 han demostrado internacionalmente su capacidad de reducci\u00f3n del 20%-35% en kilovatios hora (kWh) en consumo y 30%-40% de reducci\u00f3n en el tiempo de uso de los equipos mec\u00e1nicos.<\/p>\n\n    \n  <\/div>\n\n<\/div>\n\n    \n  \n<\/div>\n\n        \n          <div\ndata-block-id=\"59\"\ndata-block-type=\"column\"\nclass=\"grid__cell grid__cell--33--small -column-width-33--small\"\n\n\n>\n\n  \n    \n      <div\ndata-block-id=\"63\"\ndata-block-type=\"text\"\nclass=\"block block-text -type-html block-text--subtitle \"\n\n>\n\n  \n  <div class=\"block__content h-text-left\">\n\n    \n      \n      Soluci\u00f3n Patentada\n    \n  <\/div>\n\n<\/div>\n\n    \n      <div\ndata-block-id=\"64\"\ndata-block-type=\"text\"\nclass=\"block block-text -type-html  \"\n\n>\n\n  \n  <div class=\"block__content h-text-justify\">\n\n    \n      \n      <p>Nuestros algoritmos y software de gesti\u00f3n de energ\u00eda optimizan el rendimiento de energ\u00eda t\u00e9rmica y la eficiencia energ\u00e9tica en cualquier instalaci\u00f3n, reduciendo el consumo de energ\u00eda, cambio de demanda, y proporcionando m\u00ednimos gastos de energ\u00eda. La conectividad a distancia de Viking Cold Solutions\u2122 proporciona a los gestores datos en tiempo real y la posibilidad de dirigir a distancia tanto instalaciones individuales como empresariales.<\/p>\n\n    \n  <\/div>\n\n<\/div>\n\n    \n  \n<\/div>\n\n        \n          <div\ndata-block-id=\"60\"\ndata-block-type=\"column\"\nclass=\"grid__cell grid__cell--33--small -column-width-33--small\"\n\n\n>\n\n  \n    \n      <div\ndata-block-id=\"65\"\ndata-block-type=\"text\"\nclass=\"block block-text -type-html block-text--subtitle \"\n\n>\n\n  \n  <div class=\"block__content h-text-left\">\n\n    \n      \n      Software Avanzado\n    \n  <\/div>\n\n<\/div>\n\n    \n      <div\ndata-block-id=\"66\"\ndata-block-type=\"text\"\nclass=\"block block-text -type-html  \"\n\n>\n\n  \n  <div class=\"block__content h-text-justify\">\n\n    \n      \n      <p>Nuestros algoritmos y software de gesti\u00f3n de energ\u00eda optimizan el rendimiento de energ\u00eda t\u00e9rmica y la eficiencia energ\u00e9tica en cualquier instalaci\u00f3n, reduciendo el consumo de energ\u00eda, cambio de demanda, y proporcionando m\u00ednimos gastos de energ\u00eda. La conectividad a distancia de Viking Cold Solutions\u2122 proporciona a los gestores datos en tiempo real y la posibilidad de dirigir a distancia tanto instalaciones individuales como empresariales.<\/p>\n\n    \n  <\/div>\n\n<\/div>\n\n    \n  \n<\/div>\n\n        \n      <\/div>\n\n    \n  <\/div>\n<\/section>\n<section\ndata-block-id=\"67\"\ndata-block-type=\"columns\"\nclass=\"section section-type-columns columns\n  columns--box  columns--light-blue  \"\n\n\n>\n  <div class=\"container\">\n\n    \n      \n      <div class=\"grid grid--no-padding grid--center  \">\n\n        \n          <div\ndata-block-id=\"68\"\ndata-block-type=\"column\"\nclass=\"grid__cell grid__cell--33--small -column-width-33--small\"\n\n\n>\n\n  \n    \n      <div\ndata-block-id=\"71\"\ndata-block-type=\"text\"\nclass=\"block block-text -type-html block-text--title \"\n\n>\n\n  \n  <div class=\"block__content h-text-center\">\n\n    \n      \n      Nuestras soluciones se instalan en:\n    \n  <\/div>\n\n<\/div>\n\n    \n      <div\ndata-block-id=\"72\"\ndata-block-type=\"text\"\nclass=\"block block-text -type-html  \"\n\n>\n\n  \n  <div class=\"block__content h-text-left\">\n\n    \n      \n      <p>Almacenes refrigerados industriales y comerciales<\/p><p>Almacenes refrigerados, congeladores de log\u00edsticas, transportaci\u00f3n, y distribuci\u00f3n<\/p><p>Congeladores en cadenas de restaurantes y supermercados<\/p>\n    \n  <\/div>\n\n<\/div>\n\n    \n  \n<\/div>\n\n        \n          <div\ndata-block-id=\"70\"\ndata-block-type=\"column\"\nclass=\"grid__cell grid__cell--33--small -column-width-33--small\"\n\n\n>\n\n  \n    \n      <div\ndata-block-id=\"73\"\ndata-block-type=\"text\"\nclass=\"block block-text -type-html block-text--title \"\n\n>\n\n  \n  <div class=\"block__content h-text-center\">\n\n    \n      \n      Medidores de alta gama\n    \n  <\/div>\n\n<\/div>\n\n    \n      <div\ndata-block-id=\"74\"\ndata-block-type=\"text\"\nclass=\"block block-text -type-html  \"\n\n>\n\n  \n  <div class=\"block__content h-text-left\">\n\n    \n      \n      <p>Tecnolog\u00edas de energ\u00eda verde dise\u00f1ados e integrados para reducir la huella de carbono<\/p><p>Proporciona resultados econ\u00f3micos demostrados que son ampliables desde una \u00fanica ubicaci\u00f3n hasta instalaciones empresariales<\/p><p>Viking Cold Solutions\u2122 posee un patente extenso y poderoso que cubre espacios refrigerados de almacenamiento, log\u00edstica, transportaci\u00f3n, y distribuci\u00f3n<\/p>\n    \n  <\/div>\n\n<\/div>\n\n    \n  \n<\/div>\n\n        \n          <div\ndata-block-id=\"69\"\ndata-block-type=\"column\"\nclass=\"grid__cell grid__cell--33--small -column-width-33--small\"\n\n\n>\n\n  \n    \n      <div\ndata-block-id=\"75\"\ndata-block-type=\"text\"\nclass=\"block block-text -type-html block-text--title \"\n\n>\n\n  \n  <div class=\"block__content h-text-center\">\n\n    \n      \n      Software Avanzado\n    \n  <\/div>\n\n<\/div>\n\n    \n      <div\ndata-block-id=\"76\"\ndata-block-type=\"text\"\nclass=\"block block-text -type-html  \"\n\n>\n\n  \n  <div class=\"block__content h-text-left\">\n\n    \n      \n      <p>Inversi\u00f3n de desarrollo de software de 5 a\u00f1os<\/p><p>Algoritmos propietarios de optimizaci\u00f3n de gesti\u00f3n de energ\u00eda<\/p><p>El acceso a la nube permite a los gestores controlar e interactuar en tiempo real<\/p>\n    \n  <\/div>\n\n<\/div>\n\n    \n  \n<\/div>\n\n        \n      <\/div>\n\n    \n  <\/div>\n<\/section>\n","protected":false},"excerpt":{"rendered":"<p>Utility &amp; Grid Benefits of Thermal Energy Storage Why should public and private utilities focus on cold storage facilities? Because they have the #1 highest demand per cubic foot and the #3 highest consumption of any industrial category on the grid. And now there is a customer-located energy storage medium that can handle the formerly inaccessible high demand and continuous refrigeration equipment run time required to operate these facilities. Operators in this industry, which consumes over $30 billion USD worth &#8230;<\/p>\n","protected":false},"author":13,"featured_media":0,"parent":0,"menu_order":0,"comment_status":"closed","ping_status":"closed","template":"page-builder.php","meta":[],"aioseo_notices":[],"_links":{"self":[{"href":"https:\/\/www.vikingcold.com\/es\/wp-json\/wp\/v2\/pages\/3168"}],"collection":[{"href":"https:\/\/www.vikingcold.com\/es\/wp-json\/wp\/v2\/pages"}],"about":[{"href":"https:\/\/www.vikingcold.com\/es\/wp-json\/wp\/v2\/types\/page"}],"author":[{"embeddable":true,"href":"https:\/\/www.vikingcold.com\/es\/wp-json\/wp\/v2\/users\/13"}],"replies":[{"embeddable":true,"href":"https:\/\/www.vikingcold.com\/es\/wp-json\/wp\/v2\/comments?post=3168"}],"version-history":[{"count":13,"href":"https:\/\/www.vikingcold.com\/es\/wp-json\/wp\/v2\/pages\/3168\/revisions"}],"predecessor-version":[{"id":4237,"href":"https:\/\/www.vikingcold.com\/es\/wp-json\/wp\/v2\/pages\/3168\/revisions\/4237"}],"wp:attachment":[{"href":"https:\/\/www.vikingcold.com\/es\/wp-json\/wp\/v2\/media?parent=3168"}],"curies":[{"name":"wp","href":"https:\/\/api.w.org\/{rel}","templated":true}]}}