{"id":821,"date":"2018-01-12T07:58:37","date_gmt":"2018-01-12T07:58:37","guid":{"rendered":"https:\/\/www.vikingcold.com\/vikingcold\/website\/cold-storage\/"},"modified":"2019-10-03T21:36:04","modified_gmt":"2019-10-03T21:36:04","slug":"cold-storage","status":"publish","type":"page","link":"https:\/\/www.vikingcold.com\/es\/cold-storage\/","title":{"rendered":"Cold Storage"},"content":{"rendered":"<section\ndata-block-id=\"259\"\ndata-block-type=\"columns\"\nclass=\"section section-type-columns columns\n      \"\n\n\n>\n  <div class=\"container\">\n\n    \n      \n      <div class=\"grid grid--no-padding grid--center  \">\n\n        \n          <div\ndata-block-id=\"270\"\ndata-block-type=\"column\"\nclass=\"grid__cell  \"\n\n\n>\n\n  \n    \n      <div\ndata-block-id=\"271\"\ndata-block-type=\"text\"\nclass=\"block block-text -type-html block-text--title \"\n\n>\n\n  \n  <div class=\"block__content h-text-left\">\n\n    \n      \n      <h2>Almacenamiento de energ\u00eda t\u00e9rmica para almacenes<\/h2>\n    \n  <\/div>\n\n<\/div>\n\n    \n  \n<\/div>\n\n        \n          <div\ndata-block-id=\"273\"\ndata-block-type=\"column\"\nclass=\"grid__cell grid__cell--50--small -column-width-50--small\"\n\n\n>\n\n  \n    \n      <div\ndata-block-id=\"274\"\ndata-block-type=\"text\"\nclass=\"block block-text -type-html  \"\n\n>\n\n  \n  <div class=\"block__content h-text-left\">\n\n    \n      \n      <p>Los sistemas de almacenamiento de energ\u00eda t\u00e9rmica (TES) de Viking Cold permiten a los operadores de almacenamiento en fr\u00edo reducir los costos de energ\u00eda hasta en un 50%, proteger mejor los alimentos y mejorar la resistencia de las instalaciones. Al absorber y consolidar hasta el 85% de la infiltraci\u00f3n de calor, TES permite que los sistemas de refrigeraci\u00f3n se apaguen de manera segura durante hasta 13 horas cada d\u00eda para evitar la demanda o las tarifas de energ\u00eda por tiempo de uso mientras se mantienen temperaturas estables. Adem\u00e1s de esta flexibilidad, los sistemas TES aumentan la eficiencia del sistema de refrigeraci\u00f3n en un promedio del 26%.<\/p>\n<p>Nuestros sistemas TES se integran f\u00e1cilmente con los sistemas de refrigeraci\u00f3n, controles y estructuras de estanter\u00edas existentes y se han instalado dentro de almacenes de alimentos congelados comerciales e industriales y centros de distribuci\u00f3n en todo el mundo.<\/p>\n\n    \n  <\/div>\n\n<\/div>\n\n    \n  \n<\/div>\n\n        \n          <div\ndata-block-id=\"276\"\ndata-block-type=\"column\"\nclass=\"grid__cell grid__cell--50--small -column-width-50--small\"\n\n\n>\n\n  \n    \n      <div\ndata-block-id=\"277\"\ndata-block-type=\"image\"\nclass=\"block\"\n>\n  <div class=\"block__content\">\n\n    \n      <div\n      class=\"image-container\"\n      >\n\n        \n        \n          <img width=\"2082\" height=\"1266\" src=\"https:\/\/www.vikingcold.com\/wp-content\/uploads\/2019\/07\/cleaned-up-warehouse.png\" class=\"attachment-full size-full\" alt=\"\" decoding=\"async\" loading=\"lazy\" srcset=\"https:\/\/www.vikingcold.com\/wp-content\/uploads\/2019\/07\/cleaned-up-warehouse.png 2082w, https:\/\/www.vikingcold.com\/wp-content\/uploads\/2019\/07\/cleaned-up-warehouse-300x182.png 300w, https:\/\/www.vikingcold.com\/wp-content\/uploads\/2019\/07\/cleaned-up-warehouse-1024x623.png 1024w\" sizes=\"(max-width: 2082px) 100vw, 2082px\" \/>\n        \n      <\/div>\n\n      \n    \n  <\/div>\n<\/div>\n\n    \n  \n<\/div>\n\n        \n      <\/div>\n\n    \n  <\/div>\n<\/section>\n<section\ndata-block-id=\"278\"\ndata-block-type=\"columns\"\nclass=\"section section-type-columns columns\n    columns--light-blue  \"\n\n\n>\n  <div class=\"container\">\n\n    \n      \n      <div class=\"grid grid--no-padding grid--center  \">\n\n        \n          <div\ndata-block-id=\"279\"\ndata-block-type=\"column\"\nclass=\"grid__cell  \"\n\n\n>\n\n  \n    \n      <div\n    data-block-id=\"280\"\n    data-block-type=\"info-accordion\"\n    class=\"block info-accordion\"\n>\n    <div class=\"block__content\">\n        <div class=\"info-accordion__title\">\n            Beneficios de Almacenamiento en Fr\u00edo de TES        <\/div>\n\n        <div class=\"info-accordion__blocks\">\n                            <div class=\"info-block\">\n                    <div class=\"info-block__top\">\n                        <div class=\"info-block__left\">\n                            <div class=\"info-block__title\">\n                                 Reduce los costos de energ\u00eda hasta un 50%                            <\/div>\n                            <ul class=\"info-block__points\">\n                                                                    <li> Mejora la eficiencia un promedio del 26%<\/li>\n                                                                    <li>Carga de turno de hasta 13 horas para evitar cargos por demanda y tiempo de uso<\/li>\n                                                                    <li> Precios m\u00e1s bajos a trav\u00e9s de la reducci\u00f3n de la demanda.<\/li>\n                                                                    <li>Aumenta el retorno de las inversiones en energ\u00eda renovable combin\u00e1ndolas con un almacenamiento eficiente de larga duraci\u00f3n<\/li>\n                                                            <\/ul>\n                                                    <\/div>\n                        <div class=\"info-block__right\">\n                            <img src=\"https:\/\/www.vikingcold.com\/wp-content\/uploads\/2019\/07\/Peak-Period-Reduction-English.jpg\" alt=\"\">\n                        <\/div>\n                    <\/div>\n                    <div class=\"info-block__bottom\">\n                        <div class=\"info-block__content-wrap\">\n                            <div class=\"info-block__content\">\n                                                            <\/div>\n                        <\/div>\n                    <\/div>\n                <\/div>\n\n                            <div class=\"info-block\">\n                    <div class=\"info-block__top\">\n                        <div class=\"info-block__left\">\n                            <div class=\"info-block__title\">\n                                 Mejora la eficiencia de la refrigeraci\u00f3n por encima del 25%                            <\/div>\n                            <ul class=\"info-block__points\">\n                                                                    <li>Cambia m\u00e1s tiempo de carrera a la noche<\/li>\n                                                                    <li>Haga funcionar los compresores con la m\u00e1xima eficiencia dise\u00f1ada<\/li>\n                                                                    <li>Absorba y consolide hasta el 85% del calor en el flujo de aire de refrigeraci\u00f3n.<\/li>\n                                                                    <li>Sin partes m\u00f3viles que requieran energ\u00eda adicional.<\/li>\n                                                            <\/ul>\n                                                    <\/div>\n                        <div class=\"info-block__right\">\n                            <img src=\"https:\/\/www.vikingcold.com\/wp-content\/uploads\/2019\/07\/efficiency-for-refrigeration-warehouse-distribution-center-1.png\" alt=\"\">\n                        <\/div>\n                    <\/div>\n                    <div class=\"info-block__bottom\">\n                        <div class=\"info-block__content-wrap\">\n                            <div class=\"info-block__content\">\n                                                            <\/div>\n                        <\/div>\n                    <\/div>\n                <\/div>\n\n                            <div class=\"info-block\">\n                    <div class=\"info-block__top\">\n                        <div class=\"info-block__left\">\n                            <div class=\"info-block__title\">\n                                 Mejora la resistencia a la temperatura y la estabilidad                            <\/div>\n                            <ul class=\"info-block__points\">\n                                                                    <li> Resistencia a la temperatura 3 veces m\u00e1s larga durante la p\u00e9rdida de energ\u00eda o falla del equipo<\/li>\n                                                                    <li> Absorbe y consolida del 50 al 85% de la infiltraci\u00f3n de calor.<\/li>\n                                                                    <li>Reduce la estratificaci\u00f3n de temperatura<\/li>\n                                                                    <li>Reduce las fluctuaciones de temperatura a la mitad<\/li>\n                                                                    <li> Servicio de monitoreo y notificaci\u00f3n remota 24\/7<\/li>\n                                                            <\/ul>\n                                                    <\/div>\n                        <div class=\"info-block__right\">\n                            <img src=\"https:\/\/www.vikingcold.com\/wp-content\/uploads\/2019\/07\/Resiliency-for-cold-storage-and-frozen-food.png\" alt=\"\">\n                        <\/div>\n                    <\/div>\n                    <div class=\"info-block__bottom\">\n                        <div class=\"info-block__content-wrap\">\n                            <div class=\"info-block__content\">\n                                                            <\/div>\n                        <\/div>\n                    <\/div>\n                <\/div>\n\n                            <div class=\"info-block\">\n                    <div class=\"info-block__top\">\n                        <div class=\"info-block__left\">\n                            <div class=\"info-block__title\">\n                                 Extender la vida del equipo de refrigeraci\u00f3n                            <\/div>\n                            <ul class=\"info-block__points\">\n                                                                    <li>Reduzca el tiempo de funcionamiento mec\u00e1nico de refrigeraci\u00f3n.<\/li>\n                                                                    <li>Monitoreo y notificaci\u00f3n 24\/7 del estado del equipo<\/li>\n                                                                    <li>Agregue visibilidad a nivel de componente con datos procesables<\/li>\n                                                                    <li>Reduce los costos de mantenimiento existentes<\/li>\n                                                                    <li>Descubra problemas de equipo antes de que se conviertan en problemas costosos<\/li>\n                                                                    <li>No se requiere mantenimiento adicional para TES<\/li>\n                                                            <\/ul>\n                                                    <\/div>\n                        <div class=\"info-block__right\">\n                            <img src=\"https:\/\/www.vikingcold.com\/wp-content\/uploads\/2019\/07\/refrigeration-equipment-life-extended-by-TES.png\" alt=\"\">\n                        <\/div>\n                    <\/div>\n                    <div class=\"info-block__bottom\">\n                        <div class=\"info-block__content-wrap\">\n                            <div class=\"info-block__content\">\n                                                            <\/div>\n                        <\/div>\n                    <\/div>\n                <\/div>\n\n                            <div class=\"info-block\">\n                    <div class=\"info-block__top\">\n                        <div class=\"info-block__left\">\n                            <div class=\"info-block__title\">\n                                Preserve la calidad de los alimentos y la vida \u00fatil                            <\/div>\n                            <ul class=\"info-block__points\">\n                                                                    <li>Temperaturas m\u00e1s estables<\/li>\n                                                                    <li>Minimice la microdescongelaci\u00f3n y las grandes formaciones de cristales en los alimentos.<\/li>\n                                                                    <li>Informes y documentaci\u00f3n para la verificaci\u00f3n de la cadena de fr\u00edo<\/li>\n                                                                    <li>Resistencia de respaldo t\u00e9rmico 3 veces m\u00e1s larga<\/li>\n                                                                    <li>Reduce la estratificaci\u00f3n de temperatura<\/li>\n                                                            <\/ul>\n                                                    <\/div>\n                        <div class=\"info-block__right\">\n                            <img src=\"https:\/\/www.vikingcold.com\/wp-content\/uploads\/2019\/07\/Preserve-frozen-food-quality-and-shelf-life-with-TES.png\" alt=\"\">\n                        <\/div>\n                    <\/div>\n                    <div class=\"info-block__bottom\">\n                        <div class=\"info-block__content-wrap\">\n                            <div class=\"info-block__content\">\n                                                            <\/div>\n                        <\/div>\n                    <\/div>\n                <\/div>\n\n                            <div class=\"info-block\">\n                    <div class=\"info-block__top\">\n                        <div class=\"info-block__left\">\n                            <div class=\"info-block__title\">\n                                Mejorar la rentabilidad                            <\/div>\n                            <ul class=\"info-block__points\">\n                                                                    <li>TES-as-a-Service suscripci\u00f3n mensual fija<\/li>\n                                                                    <li> Sin costo de capital inicial<\/li>\n                                                                    <li>Ahorro energ\u00e9tico garantizado<\/li>\n                                                                    <li>Flujo de caja positivo desde el primer d\u00eda<\/li>\n                                                                    <li>Monitoreo y mantenimiento incluidos<\/li>\n                                                                    <li>Acuerdo de servicio fuera de balance<\/li>\n                                                            <\/ul>\n                                                    <\/div>\n                        <div class=\"info-block__right\">\n                            <img src=\"https:\/\/www.vikingcold.com\/wp-content\/uploads\/2019\/07\/improve-profitability-money-and-power-outlet.png\" alt=\"\">\n                        <\/div>\n                    <\/div>\n                    <div class=\"info-block__bottom\">\n                        <div class=\"info-block__content-wrap\">\n                            <div class=\"info-block__content\">\n                                                            <\/div>\n                        <\/div>\n                    <\/div>\n                <\/div>\n\n                    <\/div>\n\n    <\/div>\n\n<\/div>\n\n    \n  \n<\/div>\n\n        \n      <\/div>\n\n    \n  <\/div>\n<\/section>\n<section\ndata-block-id=\"281\"\ndata-block-type=\"columns\"\nclass=\"section section-type-columns columns\n    columns--white  \"\n\n\n  style=\"padding-top: 60px;\"\n\n\n>\n  <div class=\"container\">\n\n    \n      \n      <div class=\"grid grid--no-padding grid--center  \">\n\n        \n          <div\ndata-block-id=\"282\"\ndata-block-type=\"column\"\nclass=\"grid__cell grid__cell--50--small -column-width-50--small\"\n\n\n>\n\n  \n    \n      <div\ndata-block-id=\"283\"\ndata-block-type=\"video\"\nclass=\"block\"\n\n>\n  <div class=\"block__content\">\n\n    \n              <div\n        class=\"video-embed js-video-embed\"\n        data-provider=\"vimeo\"\n                  data-poster=\"https:\/\/www.vikingcold.com\/wp-content\/uploads\/2019\/07\/Dreisbach-Thumbnail-v3.png\"\n                >\n            <span class=\"video-player-expand-close video-embed__close\">X<\/span>\n          <iframe\n          src=\"https:\/\/player.vimeo.com\/video\/291490704?background=1&amp;autoplay=0&amp;mute=0&amp;loop=0\" frameborder=\"0\" allow=\"autoplay\" allowfullscreen\n          class=\"js-video-embed-iframe\"\n          ><\/iframe>\n        <\/div>\n      \n    \n  <\/div>\n<\/div>\n\n    \n  \n<\/div>\n\n        \n          <div\ndata-block-id=\"285\"\ndata-block-type=\"column\"\nclass=\"grid__cell grid__cell--50--small -column-width-50--small\"\n\n\n>\n\n  \n    \n      <div\ndata-block-id=\"286\"\ndata-block-type=\"text\"\nclass=\"block block-text -type-html block-text--subheading block-text--padding-left\"\n\n>\n\n  \n  <div class=\"block__content h-text-left\">\n\n    \n      \n      <h5>Vea el video para conocer los ahorros de costos, las mejoras de temperatura y los beneficios de resistencia de uno de nuestros clientes que ha reducido sus costos anuales de energ\u00eda en casi un 50%.<\/h5><h5>\u00a0<\/h5><h5>Tambi\u00e9n puede leer el caso de estudio en Ingles <a href=\"https:\/\/www.vikingcold.com\/study-ammonia-low-temperature-warehouse\/\" target=\"_blank\" rel=\"noopener\">aqu\u00ed<\/a>.<\/h5>\n    \n  <\/div>\n\n<\/div>\n\n    \n  \n<\/div>\n\n        \n      <\/div>\n\n    \n  <\/div>\n<\/section>\n<section\ndata-block-id=\"287\"\ndata-block-type=\"columns\"\nclass=\"section section-type-columns columns\n    columns--light-blue  \"\n\n\n>\n  <div class=\"container\">\n\n    \n      \n      <div class=\"grid grid--no-padding grid--center  \">\n\n        \n          <div\ndata-block-id=\"288\"\ndata-block-type=\"column\"\nclass=\"grid__cell  \"\n\n\n>\n\n  \n    \n      <div\n    data-block-id=\"289\"\n    data-block-type=\"accordion-carousel\"\n    class=\"block accordion-carousel\"\n    data-autoplay-speed=\"5000\"\n>\n    <div class=\"block__content\">\n        <div class=\"accordion-carousel__title\">\n            Componentes del Sistema de Almacenamiento de Energ\u00eda T\u00e9rmica        <\/div>\n\n        <div class=\"accordion-carousel__blocks\">\n            <div class=\"accordion-carousel__content\">\n                                    <div class=\"accordion-slide\">\n                        <div class=\"accordion-slide__title\">\n                            1. Controles inteligentes, monitoreo y notificaci\u00f3n                        <\/div>\n                        <div class=\"accordion-slide__content\">\n                            <div class=\"accordion-slide__content-wrap\">\n                                <ul class=\"accordion-slide__points\">\n                                                                            <li>El subsistema se integra f\u00e1cilmente con los controles existentes<\/li>\n                                                                            <li>Priorice las temperaturas y la calidad de los alimentos mientras reduce el consumo de kWh<\/li>\n                                                                            <li>Capacidad \u00fanica para eliminar la carga durante per\u00edodos prolongados al tiempo que aumenta la eficiencia energ\u00e9tica<\/li>\n                                                                            <li>Monitoreo en tiempo real de temperaturas, estado del equipo y uso de energ\u00eda.<\/li>\n                                                                            <li>Informes y recomendaciones de eficiencia energ\u00e9tica.<\/li>\n                                                                            <li>Notificaciones por correo electr\u00f3nico, mensaje de texto, tel\u00e9fono.<\/li>\n                                                                            <li>Identifique los problemas operativos o de equipo antes de que se conviertan en problemas costosos.<\/li>\n                                                                            <li>Vea nuestro <a href=\"https:\/\/www.vikingcold.com\/resources\/#vimeo-314123647\" target=\"_blank\"> Video de componentes del sistema <\/a><\/li>\n                                                                    <\/ul>\n                                <div class=\"accordion-slide__image_mobile\">\n                                    <img src=\"https:\/\/www.vikingcold.com\/wp-content\/uploads\/2019\/07\/Cloud-Monitoring-Component-Viking-Cold.png\" alt=\"\">\n                                <\/div>\n                            <\/div>\n                        <\/div>\n                    <\/div>\n                                    <div class=\"accordion-slide\">\n                        <div class=\"accordion-slide__title\">\n                            2. C\u00e9lulas de almacenamiento de energ\u00eda t\u00e9rmica                        <\/div>\n                        <div class=\"accordion-slide__content\">\n                            <div class=\"accordion-slide__content-wrap\">\n                                <ul class=\"accordion-slide__points\">\n                                                                            <li>C\u00e9lulas de HDPE no circulantes, selladas individualmente<\/li>\n                                                                            <li>Relleno de material de cambio de fase (PCM) ecol\u00f3gico<\/li>\n                                                                            <li>Las f\u00f3rmulas PCM var\u00edan de -20\u00ba F a 32\u00ba F (-28\u00ba C a 0\u00ba C)<\/li>\n                                                                            <li>Atraer y absorber 300 veces m\u00e1s calor por libra que los alimentos congelados<\/li>\n                                                                            <li>Absorba y transfiera calor 8 veces m\u00e1s r\u00e1pido que los alimentos congelados.<\/li>\n                                                                            <li>Vea nuestro <a href=\"https:\/\/www.vikingcold.com\/resources\/#vimeo-314123647\" target=\"_blank\"> Video de componentes del sistema <\/a><\/li>\n                                                                    <\/ul>\n                                <div class=\"accordion-slide__image_mobile\">\n                                    <img src=\"https:\/\/www.vikingcold.com\/wp-content\/uploads\/2019\/07\/phase-change-material-thermal-energy-storage-cell-3.png\" alt=\"\">\n                                <\/div>\n                            <\/div>\n                        <\/div>\n                    <\/div>\n                            <\/div>\n            <div class=\"accordion-carousel__image\">\n                                    <div class=\"accordion-slide__image\">\n                        <img src=\"https:\/\/www.vikingcold.com\/wp-content\/uploads\/2019\/07\/Cloud-Monitoring-Component-Viking-Cold.png\" alt=\"\">\n                    <\/div>\n                                    <div class=\"accordion-slide__image\">\n                        <img src=\"https:\/\/www.vikingcold.com\/wp-content\/uploads\/2019\/07\/phase-change-material-thermal-energy-storage-cell-3.png\" alt=\"\">\n                    <\/div>\n                            <\/div>\n        <\/div>\n\n    <\/div>\n\n<\/div>\n\n    \n  \n<\/div>\n\n        \n      <\/div>\n\n    \n  <\/div>\n<\/section>\n","protected":false},"excerpt":{"rendered":"<p>Almacenamiento de energ\u00eda t\u00e9rmica para almacenes Los sistemas de almacenamiento de energ\u00eda t\u00e9rmica (TES) de Viking Cold permiten a los operadores de almacenamiento en fr\u00edo reducir los costos de energ\u00eda hasta en un 50%, proteger mejor los alimentos y mejorar la resistencia de las instalaciones. Al absorber y consolidar hasta el 85% de la infiltraci\u00f3n de calor, TES permite que los sistemas de refrigeraci\u00f3n se apaguen de manera segura durante hasta 13 horas cada d\u00eda para evitar la demanda o &#8230;<\/p>\n","protected":false},"author":13,"featured_media":0,"parent":0,"menu_order":0,"comment_status":"closed","ping_status":"closed","template":"page-builder.php","meta":[],"aioseo_notices":[],"_links":{"self":[{"href":"https:\/\/www.vikingcold.com\/es\/wp-json\/wp\/v2\/pages\/821"}],"collection":[{"href":"https:\/\/www.vikingcold.com\/es\/wp-json\/wp\/v2\/pages"}],"about":[{"href":"https:\/\/www.vikingcold.com\/es\/wp-json\/wp\/v2\/types\/page"}],"author":[{"embeddable":true,"href":"https:\/\/www.vikingcold.com\/es\/wp-json\/wp\/v2\/users\/13"}],"replies":[{"embeddable":true,"href":"https:\/\/www.vikingcold.com\/es\/wp-json\/wp\/v2\/comments?post=821"}],"version-history":[{"count":122,"href":"https:\/\/www.vikingcold.com\/es\/wp-json\/wp\/v2\/pages\/821\/revisions"}],"predecessor-version":[{"id":6579,"href":"https:\/\/www.vikingcold.com\/es\/wp-json\/wp\/v2\/pages\/821\/revisions\/6579"}],"wp:attachment":[{"href":"https:\/\/www.vikingcold.com\/es\/wp-json\/wp\/v2\/media?parent=821"}],"curies":[{"name":"wp","href":"https:\/\/api.w.org\/{rel}","templated":true}]}}