{"id":833,"date":"2017-02-19T02:07:51","date_gmt":"2017-02-19T02:07:51","guid":{"rendered":"https:\/\/www.vikingcold.com\/vikingcold\/website\/about\/"},"modified":"2019-10-03T18:28:24","modified_gmt":"2019-10-03T18:28:24","slug":"about-2","status":"publish","type":"page","link":"https:\/\/www.vikingcold.com\/es\/about-2\/","title":{"rendered":"About"},"content":{"rendered":"<section\ndata-block-id=\"1\"\ndata-block-type=\"columns\"\nclass=\"section section-type-columns columns\n      \"\n\n\n>\n  <div class=\"container\">\n\n    \n      \n      <div class=\"grid grid--no-padding grid--center  \">\n\n        \n          <div\ndata-block-id=\"2\"\ndata-block-type=\"column\"\nclass=\"grid__cell  \"\n\n\n>\n\n  \n    \n      <div\ndata-block-id=\"3\"\ndata-block-type=\"text\"\nclass=\"block block-text -type-html block-text--subtitle \"\n\n>\n\n  \n  <div class=\"block__content h-text-left\">\n\n    \n      \n      Almacenamiento de energ\u00eda t\u00e9rmica\r\n<br>Eficiencia, flexibilidad, resistencia en toda la cadena de fr\u00edo global\n    \n  <\/div>\n\n<\/div>\n\n    \n      <div\ndata-block-id=\"35\"\ndata-block-type=\"text\"\nclass=\"block block-text -type-html  \"\n\n>\n\n  \n  <div class=\"block__content h-text-left\">\n\n    \n      \n      <p>Viking Cold Solutions es una compa\u00f1\u00eda de gesti\u00f3n de energ\u00eda t\u00e9rmica enfocada en hacer que los sistemas de almacenamiento en fr\u00edo del mundo sean m\u00e1s eficientes, flexibles y resistentes. Viking Cold, que se expande r\u00e1pidamente a trav\u00e9s de los EE. UU. E internacionalmente, proporciona almacenamiento de energ\u00eda t\u00e9rmica respetuoso con el medio ambiente que ha demostrado reducir significativamente los costos operativos y el riesgo comercial para el almacenamiento en fr\u00edo y los supermercados con altas cargas de energ\u00eda basadas en refrigeraci\u00f3n. Con una amplia experiencia en gesti\u00f3n de energ\u00eda de almacenamiento en fr\u00edo, gesti\u00f3n de energ\u00eda de supermercados y sistemas de almacenamiento de energ\u00eda t\u00e9rmica, Viking Cold Solutions comprende los desaf\u00edos comerciales y operativos que enfrenta la cadena de fr\u00edo global, y se compromete a ofrecer beneficios claros y medibles tanto para el planeta como para los clientes. &#8216;empresas.<\/p>\n\n    \n  <\/div>\n\n<\/div>\n\n    \n  \n<\/div>\n\n        \n      <\/div>\n\n    \n  <\/div>\n<\/section>\n<section\ndata-block-id=\"40\"\ndata-block-type=\"columns\"\nclass=\"section section-type-columns columns\n    columns--light-blue  \"\n\n\n>\n  <div class=\"container\">\n\n    \n      \n      <div class=\"grid grid--no-padding grid--center  \">\n\n        \n          <div\ndata-block-id=\"39\"\ndata-block-type=\"column\"\nclass=\"grid__cell  \"\n\n\n>\n\n  \n    \n      <div\ndata-block-id=\"33\"\ndata-block-type=\"text\"\nclass=\"block block-text -type-html block-text--subtitle \"\n\n>\n\n  \n  <div class=\"block__content h-text-left\">\n\n    \n      \n      Ahorro de Energ\u00eda para Nuestros Clientes:\n    \n  <\/div>\n\n<\/div>\n\n    \n      <div\ndata-block-id=\"41\"\ndata-block-type=\"text\"\nclass=\"block block-text -type-html  \"\n\n>\n\n  \n  <div class=\"block__content h-text-center\">\n\n    \n      \n      \n<div class=\"savings-counter\">\n  <div class=\"savings-counter__saved js-savings-counter\" settings=\"May 26, 2023 15:45:00 | 4 | 0.9547850926 | 38772963\">&nbsp;<\/div>\n  <div class=\"savings-counter__unit\">\n    <span>kWh<\/span>\n  <\/div>\n<\/div>\n\n\n    \n  <\/div>\n\n<\/div>\n\n    \n      <div\ndata-block-id=\"32\"\ndata-block-type=\"spacer\"\nstyle=\"height: 32px;;\"\nclass=\"\"\n><\/div>\n\n    \n  \n<\/div>\n\n        \n      <\/div>\n\n    \n  <\/div>\n<\/section>\n<section\ndata-block-id=\"12\"\ndata-block-type=\"columns\"\nclass=\"section section-type-columns columns\n      \"\n\n\n>\n  <div class=\"container\">\n\n    \n      \n      <div class=\"grid grid--no-padding   \">\n\n        \n          <div\ndata-block-id=\"13\"\ndata-block-type=\"column\"\nclass=\"grid__cell  \"\n\n\n>\n\n  \n    \n      <div\ndata-block-id=\"16\"\ndata-block-type=\"text\"\nclass=\"block block-text -type-html block-text--subtitle \"\n\n>\n\n  \n  <div class=\"block__content h-text-left\">\n\n    \n      \n      Conozca A Nuestro Equipo\n    \n  <\/div>\n\n<\/div>\n\n    \n      <div\ndata-block-id=\"17\"\ndata-block-type=\"team\"\nclass=\"block\"\n>\n  <div class=\"block__content\">\n\n    \n        \n          <div class=\"team-member\">\n\n            \n              <div class=\"team-member__image\">\n\n                <img decoding=\"async\"\n                src=\"https:\/\/www.vikingcold.com\/wp-content\/uploads\/2017\/02\/James2.jpg\"\n                alt=\"James Bell\"\n                >\n\n              <\/div>\n\n            \n            <div class=\"team-member__content\">\n\n              <div class=\"team-member__name\">\n                James Bell              <\/div>\n\n              \n                <div class=\"team-member__title\">\n                  Presidente y Oficial Ejecutivo Jefe (CEO)                <\/div>\n\n              \n              \n                \n                <div class=\"team-member__bio\">\n                  <p>James se uni\u00f3 a la compa\u00f1\u00eda en 2014 como presidente y fue nombrado CEO en 2015. Aporta unas grandes dotes de ejecuci\u00f3n y liderazgo gracias a sus 25 a\u00f1os en la gesti\u00f3n de compa\u00f1\u00edas, inversiones bancarias y el ej\u00e9rcito. Su \u00e9xito a la hora de crear empresas abarca las industrias energ\u00e9ticas y financieras y su liderazgo viene heredado por su trayectoria como Oficial de la Marina. Mr. Bell recibi\u00f3 su licenciatura en la Texas A&amp;M University, y logr\u00f3 un TRIUM MBA conjunto en la NYU Stern, HEC School of Management, y la London School of Economics.<\/p>\n                <\/div>\n\n              \n            <\/div>\n          <\/div>\n\n        \n          <div class=\"team-member\">\n\n            \n              <div class=\"team-member__image\">\n\n                <img decoding=\"async\"\n                src=\"https:\/\/www.vikingcold.com\/wp-content\/uploads\/2017\/02\/MikeDavis1.jpg\"\n                alt=\"Michael \u201cMike\u201d Davis\"\n                >\n\n              <\/div>\n\n            \n            <div class=\"team-member__content\">\n\n              <div class=\"team-member__name\">\n                Michael \u201cMike\u201d Davis              <\/div>\n\n              \n                <div class=\"team-member__title\">\n                  Vicepresidente, Finanzas y Recursos Humanos                <\/div>\n\n              \n              \n                \n                <div class=\"team-member__bio\">\n                  <p>Mike proporciona liderazgo en la estrategia comercial y direcci\u00f3n de la compa\u00f1\u00eda. Mike es un contable p\u00fablico certificado licenciado en Florida y Georgia que ha estado en el sector privado durante cinco a\u00f1os. Ha trabajado durante 10 a\u00f1os como Opciones de Servicio de Primera Costa. (FCSO) Vicepresidente de operaciones financieras y Oficial de finanzas superior. FCSO es un subsidiario completamente financiado de BlueCross BlueShield de Florida, Inc.Mike posee una licenciatura en Arte y Pre-Medicina del ROllins College y un MBA de Tulane University.<\/p>\n                <\/div>\n\n              \n            <\/div>\n          <\/div>\n\n        \n          <div class=\"team-member\">\n\n            \n              <div class=\"team-member__image\">\n\n                <img decoding=\"async\"\n                src=\"https:\/\/www.vikingcold.com\/wp-content\/uploads\/2017\/02\/Colin2.jpg\"\n                alt=\"Collin Coker\"\n                >\n\n              <\/div>\n\n            \n            <div class=\"team-member__content\">\n\n              <div class=\"team-member__name\">\n                Collin Coker              <\/div>\n\n              \n                <div class=\"team-member__title\">\n                  Vicepresidente, Ventas y mercadeo                <\/div>\n\n              \n              \n                \n                <div class=\"team-member__bio\">\n                  <p>Con m\u00e1s de dos d\u00e9cadas de experiencia en la industria energ\u00e9tica y tres d\u00e9cadas de experiencia en ventas y liderazgo en transacciones B2B y B2C, Collin aporta una amplia experiencia tanto en ventas al mayor como al menor de energ\u00eda y posee un s\u00f3lido registro de creaci\u00f3n y exitosas ventas de organizaciones comerciales. Collin trabaj\u00f3 como Vicepresidente Senior de Ventas y Mercadeo en StarText Power, como Vicepresidente de Ventas en Gexa Energy y Director de Ventas en Direct Energgy. Su completa experiencia industrial comenz\u00f3 en el mercado californiano mientras dirig\u00eda los esfuerzos de creaci\u00f3n industrial de mercado medio de Reliant Energy. Collin tiene certificaciones de ventas y liderazgo de escuelas como la Wharton School of Business, Villanova, Rice University y Motorola University. Acudi\u00f3 a la Texas State University.<\/p>\n                <\/div>\n\n              \n            <\/div>\n          <\/div>\n\n        \n          <div class=\"team-member\">\n\n            \n              <div class=\"team-member__image\">\n\n                <img decoding=\"async\"\n                src=\"https:\/\/www.vikingcold.com\/wp-content\/uploads\/2017\/02\/Michael.jpg\"\n                alt=\"Michael P. Crisman\"\n                >\n\n              <\/div>\n\n            \n            <div class=\"team-member__content\">\n\n              <div class=\"team-member__name\">\n                Michael P. Crisman              <\/div>\n\n              \n                <div class=\"team-member__title\">\n                  Vicepresidente, Desarrollo y Fabricaci\u00f3n de producto.                <\/div>\n\n              \n              \n                \n                <div class=\"team-member__bio\">\n                  <p>Mike aporta m\u00e1s de 15 a\u00f1os de experiencia en dise\u00f1o y fabricaci\u00f3n con compa\u00f1\u00edas mundiales.&nbsp; Despu\u00e9s de recibir su licenciatura en Ingenier\u00eda Mec\u00e1nica en la University of Virginia, Mike comenz\u00f3 su trayectoria profesional trabajando para la Ford Motor Company.&nbsp; En Ford, Mike pas\u00f3 r\u00e1pidamente de los rangos de ingenier\u00eda al nivel de Ingeniero Senior.&nbsp; Consigui\u00f3 una valiosa experiencia en los m\u00e9todos de desarrollo y fabricaci\u00f3n de producto avanzados, incluyendo HVAC automatizado.&nbsp; Mike se uni\u00f3 a Goodman Mfg, el productor l\u00edder de equipos residentes HVAC en Am\u00e9rica del Norte, para ampliar su crecimiento profesional.&nbsp; En Goodman, ahora Daikin, la planificaci\u00f3n estrat\u00e9gica y el liderazgo de Mike le otorgaron la responsabilidad de Gesti\u00f3n del Programa y Desarrollo para Fabricaci\u00f3n.<\/p>\n                <\/div>\n\n              \n            <\/div>\n          <\/div>\n\n        \n    \n  <\/div>\n<\/div>\n\n    \n      <div\ndata-block-id=\"29\"\ndata-block-type=\"text\"\nclass=\"block block-text -type-html block-text--subtitle \"\n\n>\n\n  \n  <div class=\"block__content h-text-left\">\n\n    \n      \n      Junta Directiva\n    \n  <\/div>\n\n<\/div>\n\n    \n      <div\ndata-block-id=\"30\"\ndata-block-type=\"text\"\nclass=\"block block-text -type-html  \"\n\n>\n\n  \n  <div class=\"block__content h-text-left\">\n\n    \n      \n      <p>La junta directiva de Viking Cold Solutions\u2122 se compone de prominentes ejecutivos de la industria. La junta en s\u00ed posee m\u00e1s de cien a\u00f1os de influyente liderazgo en la industria y promueve activamente nuestra ventaja en el mercado de la empresa.<\/p>\n\n    \n  <\/div>\n\n<\/div>\n\n    \n  \n<\/div>\n\n        \n          <div\ndata-block-id=\"55\"\ndata-block-type=\"column\"\nclass=\"grid__cell grid__cell--50--small -column-width-50--small\"\n\n\n>\n\n  \n    \n      <div\ndata-block-id=\"54\"\ndata-block-type=\"text\"\nclass=\"block block-text -type-html block-text--subheading \"\n\n>\n\n  \n  <div class=\"block__content h-text-left\">\n\n    \n      \n      Paul Robbins\n    \n  <\/div>\n\n<\/div>\n\n    \n      <div\ndata-block-id=\"52\"\ndata-block-type=\"text\"\nclass=\"block block-text -type-html  \"\n\n>\n\n  \n  <div class=\"block__content h-text-left\">\n\n    \n      \n      <p>Fundador y Director, Viking Cold Solutions\u2122.<br \/>\nPresidente de transporte en Caribe<\/p>\n\n    \n  <\/div>\n\n<\/div>\n\n    \n  \n<\/div>\n\n        \n          <div\ndata-block-id=\"58\"\ndata-block-type=\"column\"\nclass=\"grid__cell grid__cell--50--small -column-width-50--small\"\n\n\n>\n\n  \n    \n      <div\ndata-block-id=\"57\"\ndata-block-type=\"text\"\nclass=\"block block-text -type-html block-text--subheading \"\n\n>\n\n  \n  <div class=\"block__content h-text-left\">\n\n    \n      \n      Don W. Mcgeorge\n    \n  <\/div>\n\n<\/div>\n\n    \n      <div\ndata-block-id=\"56\"\ndata-block-type=\"text\"\nclass=\"block block-text -type-html  \"\n\n>\n\n  \n  <div class=\"block__content h-text-left\">\n\n    \n      \n      <p>Antiguo Presidente y COO The Kroger Co.<br \/>\nFamily of Stores (NYSE: KR)<\/p>\n\n    \n  <\/div>\n\n<\/div>\n\n    \n  \n<\/div>\n\n        \n          <div\ndata-block-id=\"61\"\ndata-block-type=\"column\"\nclass=\"grid__cell grid__cell--50--small -column-width-50--small\"\n\n\n>\n\n  \n    \n      <div\ndata-block-id=\"60\"\ndata-block-type=\"text\"\nclass=\"block block-text -type-html block-text--subheading \"\n\n>\n\n  \n  <div class=\"block__content h-text-left\">\n\n    \n      \n      James Bell\n    \n  <\/div>\n\n<\/div>\n\n    \n      <div\ndata-block-id=\"59\"\ndata-block-type=\"text\"\nclass=\"block block-text -type-html  \"\n\n>\n\n  \n  <div class=\"block__content h-text-left\">\n\n    \n      \n      <p>Presidente y CEO, Viking Cold Solutions\u2122.<br \/>\nPresidente de Liberty Venture Group LLC<\/p>\n\n    \n  <\/div>\n\n<\/div>\n\n    \n  \n<\/div>\n\n        \n          <div\ndata-block-id=\"64\"\ndata-block-type=\"column\"\nclass=\"grid__cell grid__cell--50--small -column-width-50--small\"\n\n\n>\n\n  \n    \n      <div\ndata-block-id=\"63\"\ndata-block-type=\"text\"\nclass=\"block block-text -type-html block-text--subheading \"\n\n>\n\n  \n  <div class=\"block__content h-text-left\">\n\n    \n      \n      Steven Webster\n    \n  <\/div>\n\n<\/div>\n\n    \n      <div\ndata-block-id=\"62\"\ndata-block-type=\"text\"\nclass=\"block block-text -type-html  \"\n\n>\n\n  \n  <div class=\"block__content h-text-left\">\n\n    \n      \n      <p>Fundador y Co-CEO,<br \/>\nAvista Capital Partners<\/p>\n\n    \n  <\/div>\n\n<\/div>\n\n    \n  \n<\/div>\n\n        \n          <div\ndata-block-id=\"67\"\ndata-block-type=\"column\"\nclass=\"grid__cell grid__cell--50--small -column-width-50--small\"\n\n\n>\n\n  \n    \n      <div\ndata-block-id=\"66\"\ndata-block-type=\"text\"\nclass=\"block block-text -type-html block-text--subheading \"\n\n>\n\n  \n  <div class=\"block__content h-text-left\">\n\n    \n      \n      Hank Bonar, II\n    \n  <\/div>\n\n<\/div>\n\n    \n      <div\ndata-block-id=\"65\"\ndata-block-type=\"text\"\nclass=\"block block-text -type-html  \"\n\n>\n\n  \n  <div class=\"block__content h-text-left\">\n\n    \n      \n      <p>CEO, Bonar Engineering y Dise\u00f1o<\/p>\n\n    \n  <\/div>\n\n<\/div>\n\n    \n  \n<\/div>\n\n        \n      <\/div>\n\n    \n  <\/div>\n<\/section>\n","protected":false},"excerpt":{"rendered":"<p>Almacenamiento de energ\u00eda t\u00e9rmica Eficiencia, flexibilidad, resistencia en toda la cadena de fr\u00edo global Viking Cold Solutions es una compa\u00f1\u00eda de gesti\u00f3n de energ\u00eda t\u00e9rmica enfocada en hacer que los sistemas de almacenamiento en fr\u00edo del mundo sean m\u00e1s eficientes, flexibles y resistentes. Viking Cold, que se expande r\u00e1pidamente a trav\u00e9s de los EE. UU. E internacionalmente, proporciona almacenamiento de energ\u00eda t\u00e9rmica respetuoso con el medio ambiente que ha demostrado reducir significativamente los costos operativos y el riesgo comercial para &#8230;<\/p>\n","protected":false},"author":13,"featured_media":0,"parent":0,"menu_order":0,"comment_status":"closed","ping_status":"closed","template":"page-builder.php","meta":{"footnotes":""},"class_list":["post-833","page","type-page","status-publish","hentry"],"aioseo_notices":[],"_links":{"self":[{"href":"https:\/\/www.vikingcold.com\/es\/wp-json\/wp\/v2\/pages\/833","targetHints":{"allow":["GET"]}}],"collection":[{"href":"https:\/\/www.vikingcold.com\/es\/wp-json\/wp\/v2\/pages"}],"about":[{"href":"https:\/\/www.vikingcold.com\/es\/wp-json\/wp\/v2\/types\/page"}],"author":[{"embeddable":true,"href":"https:\/\/www.vikingcold.com\/es\/wp-json\/wp\/v2\/users\/13"}],"replies":[{"embeddable":true,"href":"https:\/\/www.vikingcold.com\/es\/wp-json\/wp\/v2\/comments?post=833"}],"version-history":[{"count":15,"href":"https:\/\/www.vikingcold.com\/es\/wp-json\/wp\/v2\/pages\/833\/revisions"}],"predecessor-version":[{"id":6534,"href":"https:\/\/www.vikingcold.com\/es\/wp-json\/wp\/v2\/pages\/833\/revisions\/6534"}],"wp:attachment":[{"href":"https:\/\/www.vikingcold.com\/es\/wp-json\/wp\/v2\/media?parent=833"}],"curies":[{"name":"wp","href":"https:\/\/api.w.org\/{rel}","templated":true}]}}