{"id":847,"date":"2017-02-19T02:04:14","date_gmt":"2017-02-19T02:04:14","guid":{"rendered":"https:\/\/www.vikingcold.com\/vikingcold\/website\/technical\/"},"modified":"2017-06-21T11:07:37","modified_gmt":"2017-06-21T11:07:37","slug":"technical","status":"publish","type":"page","link":"https:\/\/www.vikingcold.com\/es\/technical\/","title":{"rendered":"Technical"},"content":{"rendered":"<section\ndata-block-id=\"1\"\ndata-block-type=\"columns\"\nclass=\"section section-type-columns columns\n      \"\n\n\n>\n  <div class=\"container\">\n\n    \n      \n      <div class=\"grid grid--no-padding grid--center  \">\n\n        \n          <div\ndata-block-id=\"2\"\ndata-block-type=\"column\"\nclass=\"grid__cell  \"\n\n\n>\n\n  \n    \n      <div\ndata-block-id=\"4\"\ndata-block-type=\"text\"\nclass=\"block block-text -type-html  \"\n\n>\n\n  \n  <div class=\"block__content h-text-left\">\n\n    \n      \n      <h1>T\u00e9cnicas de sostenibilidad en el espacio refrigerado<\/h1>\n<p>La sostenibilidad y el alto rendimiento del espacio refrigerado usado para la preservaci\u00f3n del producto es una parte primordial en las t\u00e9cnicas de conservaci\u00f3n que reduce el impacto medioambiental. El concepto abarca una variedad de t\u00e9cnicas que incluye el intercambio o suplantaci\u00f3n de los sistemas de refrigeraci\u00f3n mec\u00e1nicos por celdas de almacenamiento de energ\u00eda t\u00e9rmica (TES) que incorporan materiales de cambio de base (PCM) y un control de refrigeraci\u00f3n avanzado. Al usar TES como parte de un sistema integrado, la eficacia general se puede mejorar resultando en un menor gasto de energ\u00eda. \u00a0<\/p>\n<h2>OBTENGA M\u00c1S INFORMACI\u00d3N &#8211; DESCARGUE NUESTRO LIBRO BLANCO PARA OBTENER UNA MAYOR COMPRENSI\u00d3N DE NUESTRA SOLUCI\u00d3N DE GESTI\u00d3N DE ENERG\u00cdA T\u00c9RMICA.<\/h2>\n\n    \n  <\/div>\n\n<\/div>\n\n    \n      <div\ndata-block-id=\"5\"\ndata-block-type=\"text\"\nclass=\"block block-text -type-html  \"\n\n>\n\n  \n  <div class=\"block__content h-text-left\">\n\n    \n      \n      <p>Exenci\u00f3n de responsabilidad*<\/p>\n<p><span class=\"small-text tiny-text\">TODA LA INFORMACI\u00d3N INCLUIDA EN ESTA PRESENTACI\u00d3N Y SUS ADJUNTOS ES ESTRICTAMENTE CONFIDENCIAL Y SE PROPORCIONA \u00daNICAMENTE A SU PERSONA PARA SU INFORMACI\u00d3N EN RELACI\u00d3N CON UNA PROPUESTA DE RELACI\u00d3N COMERCIAL CON VIKING COLD SOLUTIONS\u2122, INC. (\u201cVIKING COLD SOLUTIONS\u2122\u201d). DICHA INFORMACI\u00d3N NO PUEDE REPRODUCIRSE EN MANERA ALGUNA, DISTRIBUIRSE A NING\u00daN TERCERO EN FRACCIONES O COMPLETAMENTE, PUBLICARSE BAJO NING\u00daN CONCEPTO EN FRACCIONES O COMPLETAMENTE, O RESUMIDA O DE CUALQUIER OTRO MODO REFERIDA, EXCEPTO COMO SE ACUERDE POR ESCRITO CON VIKING COLD SOLUTIONS\u2122. ESTA PRESENTACI\u00d3N CONTIENE INFORMACI\u00d3N COMERCIAL SECRETA PRIVADA DIRIGIDA A SER CUSTODIADA Y\/O EXENTA DE DISTRIBUCI\u00d3N BAJO LAS LEYES APLICABLES. AL SEGUIR LEYENDO ESTA PRESENTACI\u00d3N, ACEPTAR LA ENTREGA DE ESTOS MATERIALES Y\/O SEGUIR ESCUCHANDO LA PRESENTACI\u00d3N ORAL RELACIONADA CON LA INFORMACI\u00d3N CONTENIDA EN ESTE DOCUMENTO ESCRITO, USTED ACEPTA QUE NO (I) USAR\u00c1 NINGUNA INFORMACI\u00d3N PROPORCIONADA EN ESTE MEDIO PARA NING\u00daN PROP\u00d3SITO EXCEPTO LLEVAR A CABO DISCUSIONES RELACIONADAS O LA REALIZACI\u00d3N DE CUALQUIER RELACI\u00d3N COMERCIAL ENTRE VIKING COLD SOLUTIONS\u2122 Y SU PERSONA O LA ORGANIZACI\u00d3N PARA LA QUE TRABAJA, O (II) PUBLICAR CUALQUIER INFORMACI\u00d3N AQU\u00cd CONTENIDA A TERCEROS EXCEPTO LOS EMPLEADOS QUE PRECISEN TENER DICHA INFORMACI\u00d3N PARA LLEVAR A CABO LA DISCUSI\u00d3N DE DICHA RELACI\u00d3N EMPRESARIAL.<\/span><\/p>\n\n    \n  <\/div>\n\n<\/div>\n\n    \n      <div\ndata-block-id=\"6\"\ndata-block-type=\"text\"\nclass=\"block block-text -type-html  \"\n\n>\n\n  \n  <div class=\"block__content h-text-left\">\n\n    \n      \n      \n\n    \n  <\/div>\n\n<\/div>\n\n    \n  \n<\/div>\n\n        \n      <\/div>\n\n    \n  <\/div>\n<\/section>\n","protected":false},"excerpt":{"rendered":"<p>T\u00e9cnicas de sostenibilidad en el espacio refrigerado La sostenibilidad y el alto rendimiento del espacio refrigerado usado para la preservaci\u00f3n del producto es una parte primordial en las t\u00e9cnicas de conservaci\u00f3n que reduce el impacto medioambiental. El concepto abarca una variedad de t\u00e9cnicas que incluye el intercambio o suplantaci\u00f3n de los sistemas de refrigeraci\u00f3n mec\u00e1nicos por celdas de almacenamiento de energ\u00eda t\u00e9rmica (TES) que incorporan materiales de cambio de base (PCM) y un control de refrigeraci\u00f3n avanzado. Al usar TES &#8230;<\/p>\n","protected":false},"author":13,"featured_media":0,"parent":0,"menu_order":0,"comment_status":"closed","ping_status":"closed","template":"page-builder.php","meta":{"footnotes":""},"class_list":["post-847","page","type-page","status-publish","hentry"],"aioseo_notices":[],"_links":{"self":[{"href":"https:\/\/www.vikingcold.com\/es\/wp-json\/wp\/v2\/pages\/847","targetHints":{"allow":["GET"]}}],"collection":[{"href":"https:\/\/www.vikingcold.com\/es\/wp-json\/wp\/v2\/pages"}],"about":[{"href":"https:\/\/www.vikingcold.com\/es\/wp-json\/wp\/v2\/types\/page"}],"author":[{"embeddable":true,"href":"https:\/\/www.vikingcold.com\/es\/wp-json\/wp\/v2\/users\/13"}],"replies":[{"embeddable":true,"href":"https:\/\/www.vikingcold.com\/es\/wp-json\/wp\/v2\/comments?post=847"}],"version-history":[{"count":4,"href":"https:\/\/www.vikingcold.com\/es\/wp-json\/wp\/v2\/pages\/847\/revisions"}],"predecessor-version":[{"id":1068,"href":"https:\/\/www.vikingcold.com\/es\/wp-json\/wp\/v2\/pages\/847\/revisions\/1068"}],"wp:attachment":[{"href":"https:\/\/www.vikingcold.com\/es\/wp-json\/wp\/v2\/media?parent=847"}],"curies":[{"name":"wp","href":"https:\/\/api.w.org\/{rel}","templated":true}]}}