{"id":850,"date":"2017-02-19T02:06:52","date_gmt":"2017-02-19T02:06:52","guid":{"rendered":"https:\/\/www.vikingcold.com\/vikingcold\/website\/study-tes-in-ammonia-freezer-warehouses\/"},"modified":"2017-04-12T09:31:30","modified_gmt":"2017-04-12T09:31:30","slug":"study-tes-in-ammonia-freezer-warehouses","status":"publish","type":"page","link":"https:\/\/www.vikingcold.com\/es\/study-tes-in-ammonia-freezer-warehouses\/","title":{"rendered":"Study: TES in ammonia freezer warehouses"},"content":{"rendered":"<section\ndata-block-id=\"1\"\ndata-block-type=\"columns\"\nclass=\"section section-type-columns columns\n      \"\n\n\n>\n  <div class=\"container\">\n\n    \n      \n      <div class=\"grid grid--no-padding grid--center  \">\n\n        \n          <div\ndata-block-id=\"2\"\ndata-block-type=\"column\"\nclass=\"grid__cell  \"\n\n\n>\n\n  \n    \n      <div\ndata-block-id=\"4\"\ndata-block-type=\"text\"\nclass=\"block block-text -type-html  \"\n\n>\n\n  \n  <div class=\"block__content h-text-left\">\n\n    \n      \n      <h2>COMPLETE EL FORMULARIO PARA DESCARGAR UN DETALLADO EJEMPLO DE NUESTRA TECNOLOG\u00cdA T\u00c9RMICA DE NUEVA GENERACI\u00d3N.<\/h2>\n\n    \n  <\/div>\n\n<\/div>\n\n    \n      <div\ndata-block-id=\"5\"\ndata-block-type=\"text\"\nclass=\"block block-text -type-html  \"\n\n>\n\n  \n  <div class=\"block__content h-text-left\">\n\n    \n      \n      <p>Exenci\u00f3n de responsabilidad*<\/p>\n<p><span class=\"tiny-text\">TODA LA INFORMACI\u00d3N INCLUIDA EN ESTA PRESENTACI\u00d3N Y SUS ADJUNTOS ES ESTRICTAMENTE CONFIDENCIAL Y SE PROPORCIONA \u00daNICAMENTE A SU PERSONA PARA SU INFORMACI\u00d3N EN RELACI\u00d3N CON UNA PROPUESTA DE RELACI\u00d3N COMERCIAL CON VIKING COLD SOLUTIONS\u2122, INC. (\u201cVIKING COLD SOLUTIONS\u2122\u201d). DICHA INFORMACI\u00d3N NO PUEDE REPRODUCIRSE EN MANERA ALGUNA, DISTRIBUIRSE A NING\u00daN TERCERO EN FRACCIONES O COMPLETAMENTE, PUBLICARSE BAJO NING\u00daN CONCEPTO EN FRACCIONES O COMPLETAMENTE, O RESUMIDA O DE CUALQUIER OTRO MODO REFERIDA, EXCEPTO COMO SE ACUERDE POR ESCRITO CON VIKING COLD SOLUTIONS\u2122. ESTA PRESENTACI\u00d3N CONTIENE INFORMACI\u00d3N COMERCIAL SECRETA PRIVADA DIRIGIDA A SER CUSTODIADA Y\/O EXENTA DE DISTRIBUCI\u00d3N BAJO LAS LEYES APLICABLES. AL SEGUIR LEYENDO ESTA PRESENTACI\u00d3N, ACEPTAR LA ENTREGA DE ESTOS MATERIALES Y\/O SEGUIR ESCUCHANDO LA PRESENTACI\u00d3N ORAL RELACIONADA CON LA INFORMACI\u00d3N CONTENIDA EN ESTE DOCUMENTO ESCRITO, USTED ACEPTA QUE NO (I) USAR\u00c1 NINGUNA INFORMACI\u00d3N PROPORCIONADA EN ESTE MEDIO PARA NING\u00daN PROP\u00d3SITO EXCEPTO LLEVAR A CABO DISCUSIONES RELACIONADAS O LA REALIZACI\u00d3N DE CUALQUIER RELACI\u00d3N COMERCIAL ENTRE VIKING COLD SOLUTIONS\u2122 Y SU PERSONA O LA ORGANIZACI\u00d3N PARA LA QUE TRABAJA, O (II) PUBLICAR CUALQUIER INFORMACI\u00d3N AQU\u00cd CONTENIDA A TERCEROS EXCEPTO LOS EMPLEADOS QUE PRECISEN TENER DICHA INFORMACI\u00d3N PARA LLEVAR A CABO LA DISCUSI\u00d3N DE DICHA RELACI\u00d3N EMPRESARIAL.<\/span><\/p>\n\n    \n  <\/div>\n\n<\/div>\n\n    \n      <div\ndata-block-id=\"3\"\ndata-block-type=\"act-on-form\"\nclass=\"block\"\n>\n  <div class=\"block__content\">\n\n    \n      <script type=\"text\/javascript\" id=\"aoform-script-85480b0e-957a-4da1-8335-b0c081aa4c53:d-0001\">!function(o,t,e,a){o._aoForms=o._aoForms||[],o._aoForms.push(a);var n=function(){var o=t.createElement(e);o.src=(\"https:\"==t.location.protocol?\"https:\/\/\":\"http:\/\/\")+\"a27319.actonservice.com\/acton\/content\/form_embed.js\",o.async=!0;for(var a=t.getElementsByTagName(e)[0],n=a.parentNode,c=document.getElementsByTagName(\"script\"),r=!1,s=0;s<c.length;s++){if(c[s].getAttribute(\"src\")==o.src)r=!0;}r?typeof(_aoFormLoader)!=\"undefined\"?_aoFormLoader.load({id:\"85480b0e-957a-4da1-8335-b0c081aa4c53:d-0001\",accountId:\"27319\",domain:\"a27319.actonservice.com\",isTemp:false,noStyle:true,prefilled:false}):\"\":n.insertBefore(o,a)};window.attachEvent?window.attachEvent(\"onload\",n):window.addEventListener(\"load\",n,!1),n()}(window,document,\"script\",{id:\"85480b0e-957a-4da1-8335-b0c081aa4c53\",accountId:\"27319\",domain:\"a27319.actonservice.com\",isTemp:false,noStyle:true,prefilled:false});<\/script>\n    \n  <\/div>\n<\/div>\n\n    \n  \n<\/div>\n\n        \n      <\/div>\n\n    \n  <\/div>\n<\/section>\n","protected":false},"excerpt":{"rendered":"<p>COMPLETE EL FORMULARIO PARA DESCARGAR UN DETALLADO EJEMPLO DE NUESTRA TECNOLOG\u00cdA T\u00c9RMICA DE NUEVA GENERACI\u00d3N. Exenci\u00f3n de responsabilidad* TODA LA INFORMACI\u00d3N INCLUIDA EN ESTA PRESENTACI\u00d3N Y SUS ADJUNTOS ES ESTRICTAMENTE CONFIDENCIAL Y SE PROPORCIONA \u00daNICAMENTE A SU PERSONA PARA SU INFORMACI\u00d3N EN RELACI\u00d3N CON UNA PROPUESTA DE RELACI\u00d3N COMERCIAL CON VIKING COLD SOLUTIONS\u2122, INC. (\u201cVIKING COLD SOLUTIONS\u2122\u201d). DICHA INFORMACI\u00d3N NO PUEDE REPRODUCIRSE EN MANERA ALGUNA, DISTRIBUIRSE A NING\u00daN TERCERO EN FRACCIONES O COMPLETAMENTE, PUBLICARSE BAJO NING\u00daN CONCEPTO EN FRACCIONES O &#8230;<\/p>\n","protected":false},"author":13,"featured_media":0,"parent":0,"menu_order":0,"comment_status":"closed","ping_status":"closed","template":"page-builder.php","meta":{"footnotes":""},"class_list":["post-850","page","type-page","status-publish","hentry"],"aioseo_notices":[],"_links":{"self":[{"href":"https:\/\/www.vikingcold.com\/es\/wp-json\/wp\/v2\/pages\/850","targetHints":{"allow":["GET"]}}],"collection":[{"href":"https:\/\/www.vikingcold.com\/es\/wp-json\/wp\/v2\/pages"}],"about":[{"href":"https:\/\/www.vikingcold.com\/es\/wp-json\/wp\/v2\/types\/page"}],"author":[{"embeddable":true,"href":"https:\/\/www.vikingcold.com\/es\/wp-json\/wp\/v2\/users\/13"}],"replies":[{"embeddable":true,"href":"https:\/\/www.vikingcold.com\/es\/wp-json\/wp\/v2\/comments?post=850"}],"version-history":[{"count":3,"href":"https:\/\/www.vikingcold.com\/es\/wp-json\/wp\/v2\/pages\/850\/revisions"}],"predecessor-version":[{"id":877,"href":"https:\/\/www.vikingcold.com\/es\/wp-json\/wp\/v2\/pages\/850\/revisions\/877"}],"wp:attachment":[{"href":"https:\/\/www.vikingcold.com\/es\/wp-json\/wp\/v2\/media?parent=850"}],"curies":[{"name":"wp","href":"https:\/\/api.w.org\/{rel}","templated":true}]}}